{"id":18003,"date":"2025-04-12T09:07:38","date_gmt":"2025-04-12T09:07:38","guid":{"rendered":"https:\/\/marouti.ma\/?post_type=product&#038;p=18003"},"modified":"2025-04-12T09:07:38","modified_gmt":"2025-04-12T09:07:38","slug":"poubelle-inox-public-27l","status":"publish","type":"product","link":"https:\/\/marouti.ma\/index.php\/product\/poubelle-inox-public-27l\/","title":{"rendered":"poubelle inox  public 27L"},"content":{"rendered":"<ul>\n<li>une poubelle cylindrique en acier inoxydable, probablement con\u00e7ue pour une utilisation en ext\u00e9rieur ou dans des lieux publics<\/li>\n<li>Elle poss\u00e8de deux larges ouvertures rectangulaires oppos\u00e9es sur sa partie sup\u00e9rieure, permettant de jeter facilement les d\u00e9chets de n&rsquo;importe quel c\u00f4t\u00e9.<\/li>\n<li>Le design est simple, fonctionnel et durable, adapt\u00e9 \u00e0 un usage intensif dans des environnements publics<\/li>\n<\/ul>\n","protected":false},"excerpt":{"rendered":"<p>une poubelle cylindrique en acier inoxydable, probablement con\u00e7ue pour une utilisation en ext\u00e9rieur ou dans des lieux publics Elle poss\u00e8de<\/p>\n","protected":false},"featured_media":18004,"comment_status":"open","ping_status":"closed","template":"","meta":{"_themeisle_gutenberg_block_has_review":false,"_joinchat":[]},"product_cat":[566,570],"product_tag":[],"_links":{"self":[{"href":"https:\/\/marouti.ma\/index.php\/wp-json\/wp\/v2\/product\/18003"}],"collection":[{"href":"https:\/\/marouti.ma\/index.php\/wp-json\/wp\/v2\/product"}],"about":[{"href":"https:\/\/marouti.ma\/index.php\/wp-json\/wp\/v2\/types\/product"}],"replies":[{"embeddable":true,"href":"https:\/\/marouti.ma\/index.php\/wp-json\/wp\/v2\/comments?post=18003"}],"version-history":[{"count":1,"href":"https:\/\/marouti.ma\/index.php\/wp-json\/wp\/v2\/product\/18003\/revisions"}],"predecessor-version":[{"id":18005,"href":"https:\/\/marouti.ma\/index.php\/wp-json\/wp\/v2\/product\/18003\/revisions\/18005"}],"wp:featuredmedia":[{"embeddable":true,"href":"https:\/\/marouti.ma\/index.php\/wp-json\/wp\/v2\/media\/18004"}],"wp:attachment":[{"href":"https:\/\/marouti.ma\/index.php\/wp-json\/wp\/v2\/media?parent=18003"}],"wp:term":[{"taxonomy":"product_cat","embeddable":true,"href":"https:\/\/marouti.ma\/index.php\/wp-json\/wp\/v2\/product_cat?post=18003"},{"taxonomy":"product_tag","embeddable":true,"href":"https:\/\/marouti.ma\/index.php\/wp-json\/wp\/v2\/product_tag?post=18003"}],"curies":[{"name":"wp","href":"https:\/\/api.w.org\/{rel}","templated":true}]}}