{"id":17997,"date":"2025-04-12T08:53:06","date_gmt":"2025-04-12T08:53:06","guid":{"rendered":"https:\/\/marouti.ma\/?post_type=product&#038;p=17997"},"modified":"2025-04-12T08:53:06","modified_gmt":"2025-04-12T08:53:06","slug":"poubelle-inox-carre-30l","status":"publish","type":"product","link":"https:\/\/marouti.ma\/index.php\/product\/poubelle-inox-carre-30l\/","title":{"rendered":"poubelle inox carr\u00e9 30L"},"content":{"rendered":"<ul>\n<li>La poubelle rectangulaire \u00e0 p\u00e9dale de 30 litres est une solution \u00e9l\u00e9gante et pratique pour la gestion des d\u00e9chets dans votre maison ou votre bureau<\/li>\n<li>Fabriqu\u00e9e en acier inoxydable bross\u00e9, elle est durable, r\u00e9sistante aux empreintes digitales et facile \u00e0 nettoyer<\/li>\n<li>la poubelle de 30 litres allie fonctionnalit\u00e9, durabilit\u00e9 et un design \u00e9l\u00e9gant en acier inoxydable,<\/li>\n<li>Elle\u00a0 fait un choix populaire pour ceux qui recherchent une solution de gestion des d\u00e9chets de haute qualit\u00e9.<\/li>\n<\/ul>\n","protected":false},"excerpt":{"rendered":"<p>La poubelle rectangulaire \u00e0 p\u00e9dale de 30 litres est une solution \u00e9l\u00e9gante et pratique pour la gestion des d\u00e9chets dans<\/p>\n","protected":false},"featured_media":17998,"comment_status":"open","ping_status":"closed","template":"","meta":{"_themeisle_gutenberg_block_has_review":false,"_joinchat":[]},"product_cat":[566,570],"product_tag":[],"_links":{"self":[{"href":"https:\/\/marouti.ma\/index.php\/wp-json\/wp\/v2\/product\/17997"}],"collection":[{"href":"https:\/\/marouti.ma\/index.php\/wp-json\/wp\/v2\/product"}],"about":[{"href":"https:\/\/marouti.ma\/index.php\/wp-json\/wp\/v2\/types\/product"}],"replies":[{"embeddable":true,"href":"https:\/\/marouti.ma\/index.php\/wp-json\/wp\/v2\/comments?post=17997"}],"version-history":[{"count":1,"href":"https:\/\/marouti.ma\/index.php\/wp-json\/wp\/v2\/product\/17997\/revisions"}],"predecessor-version":[{"id":17999,"href":"https:\/\/marouti.ma\/index.php\/wp-json\/wp\/v2\/product\/17997\/revisions\/17999"}],"wp:featuredmedia":[{"embeddable":true,"href":"https:\/\/marouti.ma\/index.php\/wp-json\/wp\/v2\/media\/17998"}],"wp:attachment":[{"href":"https:\/\/marouti.ma\/index.php\/wp-json\/wp\/v2\/media?parent=17997"}],"wp:term":[{"taxonomy":"product_cat","embeddable":true,"href":"https:\/\/marouti.ma\/index.php\/wp-json\/wp\/v2\/product_cat?post=17997"},{"taxonomy":"product_tag","embeddable":true,"href":"https:\/\/marouti.ma\/index.php\/wp-json\/wp\/v2\/product_tag?post=17997"}],"curies":[{"name":"wp","href":"https:\/\/api.w.org\/{rel}","templated":true}]}}