{"id":17994,"date":"2025-04-11T17:23:19","date_gmt":"2025-04-11T17:23:19","guid":{"rendered":"https:\/\/marouti.ma\/?post_type=product&#038;p=17994"},"modified":"2025-04-11T17:23:19","modified_gmt":"2025-04-11T17:23:19","slug":"poubelle-inox-6l-noir","status":"publish","type":"product","link":"https:\/\/marouti.ma\/index.php\/product\/poubelle-inox-6l-noir\/","title":{"rendered":"poubelle inox 6L noir"},"content":{"rendered":"<ul>\n<li>une poubelle \u00e0 p\u00e9dale rectangulaire et \u00e9troite ce qui la rend adapt\u00e9e aux espaces restreints.<\/li>\n<li>la taille globale semble correspondre \u00e0 une poubelle de petite capacit\u00e9, probablement autour de 5 litres, convenant \u00e0 une salle de bain ou un petit bureau.<\/li>\n<li>Le couvercle est ferm\u00e9 et a un dessus l\u00e9g\u00e8rement incurv\u00e9. La description mentionne un <strong>couvercle \u00e0 fermeture douce<\/strong><\/li>\n<\/ul>\n","protected":false},"excerpt":{"rendered":"<p>une poubelle \u00e0 p\u00e9dale rectangulaire et \u00e9troite ce qui la rend adapt\u00e9e aux espaces restreints. la taille globale semble correspondre<\/p>\n","protected":false},"featured_media":17995,"comment_status":"open","ping_status":"closed","template":"","meta":{"_themeisle_gutenberg_block_has_review":false,"_joinchat":[]},"product_cat":[566,570],"product_tag":[],"_links":{"self":[{"href":"https:\/\/marouti.ma\/index.php\/wp-json\/wp\/v2\/product\/17994"}],"collection":[{"href":"https:\/\/marouti.ma\/index.php\/wp-json\/wp\/v2\/product"}],"about":[{"href":"https:\/\/marouti.ma\/index.php\/wp-json\/wp\/v2\/types\/product"}],"replies":[{"embeddable":true,"href":"https:\/\/marouti.ma\/index.php\/wp-json\/wp\/v2\/comments?post=17994"}],"version-history":[{"count":1,"href":"https:\/\/marouti.ma\/index.php\/wp-json\/wp\/v2\/product\/17994\/revisions"}],"predecessor-version":[{"id":17996,"href":"https:\/\/marouti.ma\/index.php\/wp-json\/wp\/v2\/product\/17994\/revisions\/17996"}],"wp:featuredmedia":[{"embeddable":true,"href":"https:\/\/marouti.ma\/index.php\/wp-json\/wp\/v2\/media\/17995"}],"wp:attachment":[{"href":"https:\/\/marouti.ma\/index.php\/wp-json\/wp\/v2\/media?parent=17994"}],"wp:term":[{"taxonomy":"product_cat","embeddable":true,"href":"https:\/\/marouti.ma\/index.php\/wp-json\/wp\/v2\/product_cat?post=17994"},{"taxonomy":"product_tag","embeddable":true,"href":"https:\/\/marouti.ma\/index.php\/wp-json\/wp\/v2\/product_tag?post=17994"}],"curies":[{"name":"wp","href":"https:\/\/api.w.org\/{rel}","templated":true}]}}