{"id":17990,"date":"2025-04-11T17:10:20","date_gmt":"2025-04-11T17:10:20","guid":{"rendered":"https:\/\/marouti.ma\/?post_type=product&#038;p=17990"},"modified":"2025-04-11T17:10:20","modified_gmt":"2025-04-11T17:10:20","slug":"poubelle-inox-6l","status":"publish","type":"product","link":"https:\/\/marouti.ma\/index.php\/product\/poubelle-inox-6l\/","title":{"rendered":"poubelle inox 6L"},"content":{"rendered":"<ul>\n<li>une <strong>poubelle rectangulaire en acier inoxydable avec une p\u00e9dale<\/strong>.<\/li>\n<li>Le couvercle est ajust\u00e9 et poss\u00e8de probablement un m\u00e9canisme de fermeture douce bien que cela ne puisse pas \u00eatre confirm\u00e9 uniquement \u00e0 partir de l&rsquo;image.<\/li>\n<li>Il a une poign\u00e9e en plastique noir pour une ouverture manuelle.<\/li>\n<li>Une <strong>p\u00e9dale noire<\/strong> est situ\u00e9e en bas \u00e0 l&rsquo;avant de la poubelle, indiquant un m\u00e9canisme d&rsquo;ouverture mains libres.<\/li>\n<\/ul>\n","protected":false},"excerpt":{"rendered":"<p>une poubelle rectangulaire en acier inoxydable avec une p\u00e9dale. Le couvercle est ajust\u00e9 et poss\u00e8de probablement un m\u00e9canisme de fermeture<\/p>\n","protected":false},"featured_media":17992,"comment_status":"open","ping_status":"closed","template":"","meta":{"_themeisle_gutenberg_block_has_review":false,"_joinchat":[]},"product_cat":[566,570],"product_tag":[],"_links":{"self":[{"href":"https:\/\/marouti.ma\/index.php\/wp-json\/wp\/v2\/product\/17990"}],"collection":[{"href":"https:\/\/marouti.ma\/index.php\/wp-json\/wp\/v2\/product"}],"about":[{"href":"https:\/\/marouti.ma\/index.php\/wp-json\/wp\/v2\/types\/product"}],"replies":[{"embeddable":true,"href":"https:\/\/marouti.ma\/index.php\/wp-json\/wp\/v2\/comments?post=17990"}],"version-history":[{"count":2,"href":"https:\/\/marouti.ma\/index.php\/wp-json\/wp\/v2\/product\/17990\/revisions"}],"predecessor-version":[{"id":17993,"href":"https:\/\/marouti.ma\/index.php\/wp-json\/wp\/v2\/product\/17990\/revisions\/17993"}],"wp:featuredmedia":[{"embeddable":true,"href":"https:\/\/marouti.ma\/index.php\/wp-json\/wp\/v2\/media\/17992"}],"wp:attachment":[{"href":"https:\/\/marouti.ma\/index.php\/wp-json\/wp\/v2\/media?parent=17990"}],"wp:term":[{"taxonomy":"product_cat","embeddable":true,"href":"https:\/\/marouti.ma\/index.php\/wp-json\/wp\/v2\/product_cat?post=17990"},{"taxonomy":"product_tag","embeddable":true,"href":"https:\/\/marouti.ma\/index.php\/wp-json\/wp\/v2\/product_tag?post=17990"}],"curies":[{"name":"wp","href":"https:\/\/api.w.org\/{rel}","templated":true}]}}