{"id":17981,"date":"2025-04-11T16:28:36","date_gmt":"2025-04-11T16:28:36","guid":{"rendered":"https:\/\/marouti.ma\/?post_type=product&#038;p=17981"},"modified":"2025-04-11T16:28:36","modified_gmt":"2025-04-11T16:28:36","slug":"poubelle-inox-3l","status":"publish","type":"product","link":"https:\/\/marouti.ma\/index.php\/product\/poubelle-inox-3l\/","title":{"rendered":"poubelle inox 3L"},"content":{"rendered":"<ul>\n<li>La poubelle semble \u00eatre en <strong>acier inoxydable<\/strong>, compte tenu de sa surface brillante et m\u00e9tallique et de la pr\u00e9sence de gouttes d&rsquo;eau qui ne sont pas absorb\u00e9es.<\/li>\n<li>Elle a une forme <strong>cylindrique<\/strong> avec un couvercle l\u00e9g\u00e8rement bomb\u00e9<\/li>\n<li>une <strong>poubelle \u00e0 p\u00e9dale en acier inoxydable<\/strong>, probablement destin\u00e9e \u00e0 \u00eatre utilis\u00e9e dans une cuisine ou une salle de bain.<\/li>\n<\/ul>\n","protected":false},"excerpt":{"rendered":"<p>La poubelle semble \u00eatre en acier inoxydable, compte tenu de sa surface brillante et m\u00e9tallique et de la pr\u00e9sence de<\/p>\n","protected":false},"featured_media":17982,"comment_status":"open","ping_status":"closed","template":"","meta":{"_themeisle_gutenberg_block_has_review":false,"_joinchat":[]},"product_cat":[566,570],"product_tag":[],"_links":{"self":[{"href":"https:\/\/marouti.ma\/index.php\/wp-json\/wp\/v2\/product\/17981"}],"collection":[{"href":"https:\/\/marouti.ma\/index.php\/wp-json\/wp\/v2\/product"}],"about":[{"href":"https:\/\/marouti.ma\/index.php\/wp-json\/wp\/v2\/types\/product"}],"replies":[{"embeddable":true,"href":"https:\/\/marouti.ma\/index.php\/wp-json\/wp\/v2\/comments?post=17981"}],"version-history":[{"count":1,"href":"https:\/\/marouti.ma\/index.php\/wp-json\/wp\/v2\/product\/17981\/revisions"}],"predecessor-version":[{"id":17984,"href":"https:\/\/marouti.ma\/index.php\/wp-json\/wp\/v2\/product\/17981\/revisions\/17984"}],"wp:featuredmedia":[{"embeddable":true,"href":"https:\/\/marouti.ma\/index.php\/wp-json\/wp\/v2\/media\/17982"}],"wp:attachment":[{"href":"https:\/\/marouti.ma\/index.php\/wp-json\/wp\/v2\/media?parent=17981"}],"wp:term":[{"taxonomy":"product_cat","embeddable":true,"href":"https:\/\/marouti.ma\/index.php\/wp-json\/wp\/v2\/product_cat?post=17981"},{"taxonomy":"product_tag","embeddable":true,"href":"https:\/\/marouti.ma\/index.php\/wp-json\/wp\/v2\/product_tag?post=17981"}],"curies":[{"name":"wp","href":"https:\/\/api.w.org\/{rel}","templated":true}]}}