{"id":17978,"date":"2025-04-11T15:49:03","date_gmt":"2025-04-11T15:49:03","guid":{"rendered":"https:\/\/marouti.ma\/?post_type=product&#038;p=17978"},"modified":"2025-04-11T15:49:03","modified_gmt":"2025-04-11T15:49:03","slug":"porte-balai-carre-noir","status":"publish","type":"product","link":"https:\/\/marouti.ma\/index.php\/product\/porte-balai-carre-noir\/","title":{"rendered":"porte balai carr\u00e9 noir"},"content":{"rendered":"<ul>\n<li>un <strong>balai WC carr\u00e9 noir M.arti<\/strong>, qui est une brosse de toilette avec un support carr\u00e9<\/li>\n<li>Le support a une forme carr\u00e9e distincte avec des coins l\u00e9g\u00e8rement arrondis.<\/li>\n<li>Il semble \u00eatre fait d&rsquo;un mat\u00e9riau gris fonc\u00e9 ou noir, probablement du plastique.<\/li>\n<li>La forme carr\u00e9e et la combinaison du support sombre avec le manche en acier inoxydable lui conf\u00e8rent une esth\u00e9tique moderne.<\/li>\n<\/ul>\n","protected":false},"excerpt":{"rendered":"<p>un balai WC carr\u00e9 noir M.arti, qui est une brosse de toilette avec un support carr\u00e9 Le support a une<\/p>\n","protected":false},"featured_media":17979,"comment_status":"open","ping_status":"closed","template":"","meta":{"_themeisle_gutenberg_block_has_review":false,"_joinchat":[]},"product_cat":[566,572],"product_tag":[],"_links":{"self":[{"href":"https:\/\/marouti.ma\/index.php\/wp-json\/wp\/v2\/product\/17978"}],"collection":[{"href":"https:\/\/marouti.ma\/index.php\/wp-json\/wp\/v2\/product"}],"about":[{"href":"https:\/\/marouti.ma\/index.php\/wp-json\/wp\/v2\/types\/product"}],"replies":[{"embeddable":true,"href":"https:\/\/marouti.ma\/index.php\/wp-json\/wp\/v2\/comments?post=17978"}],"version-history":[{"count":1,"href":"https:\/\/marouti.ma\/index.php\/wp-json\/wp\/v2\/product\/17978\/revisions"}],"predecessor-version":[{"id":17980,"href":"https:\/\/marouti.ma\/index.php\/wp-json\/wp\/v2\/product\/17978\/revisions\/17980"}],"wp:featuredmedia":[{"embeddable":true,"href":"https:\/\/marouti.ma\/index.php\/wp-json\/wp\/v2\/media\/17979"}],"wp:attachment":[{"href":"https:\/\/marouti.ma\/index.php\/wp-json\/wp\/v2\/media?parent=17978"}],"wp:term":[{"taxonomy":"product_cat","embeddable":true,"href":"https:\/\/marouti.ma\/index.php\/wp-json\/wp\/v2\/product_cat?post=17978"},{"taxonomy":"product_tag","embeddable":true,"href":"https:\/\/marouti.ma\/index.php\/wp-json\/wp\/v2\/product_tag?post=17978"}],"curies":[{"name":"wp","href":"https:\/\/api.w.org\/{rel}","templated":true}]}}