{"id":17967,"date":"2025-04-11T15:17:23","date_gmt":"2025-04-11T15:17:23","guid":{"rendered":"https:\/\/marouti.ma\/?post_type=product&#038;p=17967"},"modified":"2025-04-12T11:15:00","modified_gmt":"2025-04-12T11:15:00","slug":"porte-balaiporte-papier-carre","status":"publish","type":"product","link":"https:\/\/marouti.ma\/index.php\/product\/porte-balaiporte-papier-carre\/","title":{"rendered":"porte balai+porte papier carr\u00e9"},"content":{"rendered":"<ul>\n<li>un <strong>porte-papier toilette et un porte-brosse de toilette sur pied<\/strong><\/li>\n<li>Il sert \u00e0 la fois de support pour un rouleau de papier toilette et de support pour une brosse de toilette.<\/li>\n<li>L&rsquo;ensemble du support semble \u00eatre en m\u00e9tal chrom\u00e9, lui donnant un aspect \u00e9l\u00e9gant et contemporain.<\/li>\n<\/ul>\n","protected":false},"excerpt":{"rendered":"<p>un porte-papier toilette et un porte-brosse de toilette sur pied Il sert \u00e0 la fois de support pour un rouleau<\/p>\n","protected":false},"featured_media":17968,"comment_status":"open","ping_status":"closed","template":"","meta":{"_themeisle_gutenberg_block_has_review":false,"_joinchat":[]},"product_cat":[566,592],"product_tag":[],"_links":{"self":[{"href":"https:\/\/marouti.ma\/index.php\/wp-json\/wp\/v2\/product\/17967"}],"collection":[{"href":"https:\/\/marouti.ma\/index.php\/wp-json\/wp\/v2\/product"}],"about":[{"href":"https:\/\/marouti.ma\/index.php\/wp-json\/wp\/v2\/types\/product"}],"replies":[{"embeddable":true,"href":"https:\/\/marouti.ma\/index.php\/wp-json\/wp\/v2\/comments?post=17967"}],"version-history":[{"count":1,"href":"https:\/\/marouti.ma\/index.php\/wp-json\/wp\/v2\/product\/17967\/revisions"}],"predecessor-version":[{"id":17969,"href":"https:\/\/marouti.ma\/index.php\/wp-json\/wp\/v2\/product\/17967\/revisions\/17969"}],"wp:featuredmedia":[{"embeddable":true,"href":"https:\/\/marouti.ma\/index.php\/wp-json\/wp\/v2\/media\/17968"}],"wp:attachment":[{"href":"https:\/\/marouti.ma\/index.php\/wp-json\/wp\/v2\/media?parent=17967"}],"wp:term":[{"taxonomy":"product_cat","embeddable":true,"href":"https:\/\/marouti.ma\/index.php\/wp-json\/wp\/v2\/product_cat?post=17967"},{"taxonomy":"product_tag","embeddable":true,"href":"https:\/\/marouti.ma\/index.php\/wp-json\/wp\/v2\/product_tag?post=17967"}],"curies":[{"name":"wp","href":"https:\/\/api.w.org\/{rel}","templated":true}]}}