{"id":17964,"date":"2025-04-11T15:05:04","date_gmt":"2025-04-11T15:05:04","guid":{"rendered":"https:\/\/marouti.ma\/?post_type=product&#038;p=17964"},"modified":"2025-04-12T11:13:27","modified_gmt":"2025-04-12T11:13:27","slug":"porte-balaiporte-papier-blanc","status":"publish","type":"product","link":"https:\/\/marouti.ma\/index.php\/product\/porte-balaiporte-papier-blanc\/","title":{"rendered":"porte balai+porte papier blanc"},"content":{"rendered":"<ul>\n<li>un <strong>support de toilette multifonctionnel<\/strong> au design moderne et \u00e9pur\u00e9<\/li>\n<li>un <strong>porte-papier toilette<\/strong> avec un d\u00e9rouleur horizontal, un <strong>porte-brosse de toilette<\/strong> avec un r\u00e9cipient blanc, et un support vertical pour ranger un <strong>rouleau de papier toilette de rechange<\/strong><\/li>\n<li>La structure principale est en <strong>m\u00e9tal argent\u00e9<\/strong> (probablement de l&rsquo;acier inoxydable ou du chrome)<\/li>\n<li>un accessoire de salle de bain pratique et esth\u00e9tique qui combine plusieurs \u00e9l\u00e9ments essentiels en un seul support.<\/li>\n<\/ul>\n","protected":false},"excerpt":{"rendered":"<p>un support de toilette multifonctionnel au design moderne et \u00e9pur\u00e9 un porte-papier toilette avec un d\u00e9rouleur horizontal, un porte-brosse de<\/p>\n","protected":false},"featured_media":17965,"comment_status":"open","ping_status":"closed","template":"","meta":{"_themeisle_gutenberg_block_has_review":false,"_joinchat":[]},"product_cat":[566,592],"product_tag":[],"_links":{"self":[{"href":"https:\/\/marouti.ma\/index.php\/wp-json\/wp\/v2\/product\/17964"}],"collection":[{"href":"https:\/\/marouti.ma\/index.php\/wp-json\/wp\/v2\/product"}],"about":[{"href":"https:\/\/marouti.ma\/index.php\/wp-json\/wp\/v2\/types\/product"}],"replies":[{"embeddable":true,"href":"https:\/\/marouti.ma\/index.php\/wp-json\/wp\/v2\/comments?post=17964"}],"version-history":[{"count":1,"href":"https:\/\/marouti.ma\/index.php\/wp-json\/wp\/v2\/product\/17964\/revisions"}],"predecessor-version":[{"id":17966,"href":"https:\/\/marouti.ma\/index.php\/wp-json\/wp\/v2\/product\/17964\/revisions\/17966"}],"wp:featuredmedia":[{"embeddable":true,"href":"https:\/\/marouti.ma\/index.php\/wp-json\/wp\/v2\/media\/17965"}],"wp:attachment":[{"href":"https:\/\/marouti.ma\/index.php\/wp-json\/wp\/v2\/media?parent=17964"}],"wp:term":[{"taxonomy":"product_cat","embeddable":true,"href":"https:\/\/marouti.ma\/index.php\/wp-json\/wp\/v2\/product_cat?post=17964"},{"taxonomy":"product_tag","embeddable":true,"href":"https:\/\/marouti.ma\/index.php\/wp-json\/wp\/v2\/product_tag?post=17964"}],"curies":[{"name":"wp","href":"https:\/\/api.w.org\/{rel}","templated":true}]}}