{"id":17929,"date":"2024-12-30T13:59:48","date_gmt":"2024-12-30T13:59:48","guid":{"rendered":"https:\/\/marouti.ma\/?post_type=product&#038;p=17929"},"modified":"2025-04-14T08:27:24","modified_gmt":"2025-04-14T08:27:24","slug":"etagere-coin-double-inox-grille","status":"publish","type":"product","link":"https:\/\/marouti.ma\/index.php\/product\/etagere-coin-double-inox-grille\/","title":{"rendered":"ETAGERE COIN DOUBLE INOX GRILLE"},"content":{"rendered":"<ul>\n<li data-sourcepos=\"3:1-3:104\"><strong>une \u00e9tag\u00e8re d&rsquo;angle \u00e0 deux niveaux, g\u00e9n\u00e9ralement utilis\u00e9e dans une salle de bain.<\/strong><\/li>\n<li><strong>Forme:<\/strong> Triangulaire pour s&rsquo;adapter parfaitement aux coins de la douche ou du bain.<\/li>\n<li data-sourcepos=\"8:1-8:136\"><strong>Mat\u00e9riaux:<\/strong> Souvent en acier inoxydable ou en m\u00e9tal chrom\u00e9, ce qui lui conf\u00e8re une r\u00e9sistance \u00e0 la corrosion et un aspect brillant.<\/li>\n<li data-sourcepos=\"9:1-9:87\"><strong>Niveaux:<\/strong> Deux \u00e9tag\u00e8res superpos\u00e9es offrent un espace de rangement suppl\u00e9mentaire.<\/li>\n<li data-sourcepos=\"10:1-10:82\"><strong>Installation:<\/strong> Fix\u00e9e au mur \u00e0 l&rsquo;aide de ventouses ou de vis, selon le mod\u00e8le.<\/li>\n<li data-sourcepos=\"11:1-12:0\"><strong>Utilisation:<\/strong> Destin\u00e9e \u00e0 accueillir des produits de douche, des flacons de shampooing, des savons, des \u00e9ponges, etc.<\/li>\n<\/ul>\n","protected":false},"excerpt":{"rendered":"<p>une \u00e9tag\u00e8re d&rsquo;angle \u00e0 deux niveaux, g\u00e9n\u00e9ralement utilis\u00e9e dans une salle de bain. Forme: Triangulaire pour s&rsquo;adapter parfaitement aux coins<\/p>\n","protected":false},"featured_media":17930,"comment_status":"open","ping_status":"closed","template":"","meta":{"_themeisle_gutenberg_block_has_review":false,"_joinchat":[]},"product_cat":[566,571],"product_tag":[],"_links":{"self":[{"href":"https:\/\/marouti.ma\/index.php\/wp-json\/wp\/v2\/product\/17929"}],"collection":[{"href":"https:\/\/marouti.ma\/index.php\/wp-json\/wp\/v2\/product"}],"about":[{"href":"https:\/\/marouti.ma\/index.php\/wp-json\/wp\/v2\/types\/product"}],"replies":[{"embeddable":true,"href":"https:\/\/marouti.ma\/index.php\/wp-json\/wp\/v2\/comments?post=17929"}],"version-history":[{"count":1,"href":"https:\/\/marouti.ma\/index.php\/wp-json\/wp\/v2\/product\/17929\/revisions"}],"predecessor-version":[{"id":17933,"href":"https:\/\/marouti.ma\/index.php\/wp-json\/wp\/v2\/product\/17929\/revisions\/17933"}],"wp:featuredmedia":[{"embeddable":true,"href":"https:\/\/marouti.ma\/index.php\/wp-json\/wp\/v2\/media\/17930"}],"wp:attachment":[{"href":"https:\/\/marouti.ma\/index.php\/wp-json\/wp\/v2\/media?parent=17929"}],"wp:term":[{"taxonomy":"product_cat","embeddable":true,"href":"https:\/\/marouti.ma\/index.php\/wp-json\/wp\/v2\/product_cat?post=17929"},{"taxonomy":"product_tag","embeddable":true,"href":"https:\/\/marouti.ma\/index.php\/wp-json\/wp\/v2\/product_tag?post=17929"}],"curies":[{"name":"wp","href":"https:\/\/api.w.org\/{rel}","templated":true}]}}