{"id":17924,"date":"2024-12-30T13:33:25","date_gmt":"2024-12-30T13:33:25","guid":{"rendered":"https:\/\/marouti.ma\/?post_type=product&#038;p=17924"},"modified":"2025-04-14T08:25:28","modified_gmt":"2025-04-14T08:25:28","slug":"etagere-coin-inox-noir-double","status":"publish","type":"product","link":"https:\/\/marouti.ma\/index.php\/product\/etagere-coin-inox-noir-double\/","title":{"rendered":"ETAGERE COIN INOX NOIR DOUBLE"},"content":{"rendered":"<ul>\n<li data-sourcepos=\"3:1-3:75\"><strong>une \u00e9tag\u00e8re d&rsquo;angle \u00e0 deux niveaux de couleur noire.<\/strong><\/li>\n<li data-sourcepos=\"7:1-7:85\"><strong>Couleur:<\/strong> Noire, apportant une touche moderne et \u00e9l\u00e9gante \u00e0 votre salle de bain.<\/li>\n<li data-sourcepos=\"8:1-8:88\"><strong>Forme:<\/strong> Triangulaire pour s&rsquo;adapter parfaitement aux coins de la douche ou du bain.<\/li>\n<li data-sourcepos=\"9:1-9:135\"><strong>Mat\u00e9riaux:<\/strong> G\u00e9n\u00e9ralement en acier inoxydable ou en m\u00e9tal recouvert d&rsquo;une finition noire r\u00e9sistante \u00e0 la corrosion et \u00e0 l&rsquo;humidit\u00e9.<\/li>\n<li data-sourcepos=\"10:1-10:87\"><strong>Niveaux:<\/strong> Deux \u00e9tag\u00e8res superpos\u00e9es offrent un espace de rangement suppl\u00e9mentaire.<\/li>\n<li data-sourcepos=\"11:1-11:82\"><strong>Installation:<\/strong> Fix\u00e9e au mur \u00e0 l&rsquo;aide de ventouses ou de vis, selon le mod\u00e8le.<\/li>\n<li data-sourcepos=\"12:1-13:0\"><strong>Utilisation:<\/strong> Destin\u00e9e \u00e0 accueillir des produits de douche, des flacons de shampooing, des savons, des \u00e9ponges, etc.<\/li>\n<\/ul>\n","protected":false},"excerpt":{"rendered":"<p>une \u00e9tag\u00e8re d&rsquo;angle \u00e0 deux niveaux de couleur noire. Couleur: Noire, apportant une touche moderne et \u00e9l\u00e9gante \u00e0 votre salle<\/p>\n","protected":false},"featured_media":17926,"comment_status":"open","ping_status":"closed","template":"","meta":{"_themeisle_gutenberg_block_has_review":false,"_joinchat":[]},"product_cat":[566,571],"product_tag":[],"_links":{"self":[{"href":"https:\/\/marouti.ma\/index.php\/wp-json\/wp\/v2\/product\/17924"}],"collection":[{"href":"https:\/\/marouti.ma\/index.php\/wp-json\/wp\/v2\/product"}],"about":[{"href":"https:\/\/marouti.ma\/index.php\/wp-json\/wp\/v2\/types\/product"}],"replies":[{"embeddable":true,"href":"https:\/\/marouti.ma\/index.php\/wp-json\/wp\/v2\/comments?post=17924"}],"version-history":[{"count":1,"href":"https:\/\/marouti.ma\/index.php\/wp-json\/wp\/v2\/product\/17924\/revisions"}],"predecessor-version":[{"id":17928,"href":"https:\/\/marouti.ma\/index.php\/wp-json\/wp\/v2\/product\/17924\/revisions\/17928"}],"wp:featuredmedia":[{"embeddable":true,"href":"https:\/\/marouti.ma\/index.php\/wp-json\/wp\/v2\/media\/17926"}],"wp:attachment":[{"href":"https:\/\/marouti.ma\/index.php\/wp-json\/wp\/v2\/media?parent=17924"}],"wp:term":[{"taxonomy":"product_cat","embeddable":true,"href":"https:\/\/marouti.ma\/index.php\/wp-json\/wp\/v2\/product_cat?post=17924"},{"taxonomy":"product_tag","embeddable":true,"href":"https:\/\/marouti.ma\/index.php\/wp-json\/wp\/v2\/product_tag?post=17924"}],"curies":[{"name":"wp","href":"https:\/\/api.w.org\/{rel}","templated":true}]}}