{"id":17914,"date":"2024-12-28T10:29:18","date_gmt":"2024-12-28T10:29:18","guid":{"rendered":"https:\/\/marouti.ma\/?post_type=product&#038;p=17914"},"modified":"2024-12-28T10:29:23","modified_gmt":"2024-12-28T10:29:23","slug":"distributeur-papier-plastique","status":"publish","type":"product","link":"https:\/\/marouti.ma\/index.php\/product\/distributeur-papier-plastique\/","title":{"rendered":"distributeur papier plastique"},"content":{"rendered":"<ul>\n<li>un <strong>distributeur de papier toilette mural<\/strong><\/li>\n<li data-sourcepos=\"5:1-5:119\"><strong>Mat\u00e9riau:<\/strong> G\u00e9n\u00e9ralement en plastique r\u00e9sistant, comme le polypropyl\u00e8ne, ce qui le rend l\u00e9ger et facile \u00e0 nettoyer.<\/li>\n<li data-sourcepos=\"6:1-6:100\"><strong>Design:<\/strong> Souvent cylindrique ou carr\u00e9, avec une ouverture sur le devant pour acc\u00e9der au papier.<\/li>\n<li data-sourcepos=\"7:1-7:116\"><strong>Fonctionnement:<\/strong> Le rouleau de papier est ins\u00e9r\u00e9 dans le distributeur et se d\u00e9roule \u00e0 mesure que vous en tirez.<\/li>\n<li data-sourcepos=\"8:1-8:92\"><strong>Montage:<\/strong> Fixation murale, g\u00e9n\u00e9ralement \u00e0 l&rsquo;aide de vis et de chevilles (non fournies).<\/li>\n<li data-sourcepos=\"9:1-10:0\"><strong>Capacit\u00e9:<\/strong> Con\u00e7u pour accueillir des rouleaux de papier toilette de grand diam\u00e8tre.<\/li>\n<\/ul>\n","protected":false},"excerpt":{"rendered":"<p>un distributeur de papier toilette mural Mat\u00e9riau: G\u00e9n\u00e9ralement en plastique r\u00e9sistant, comme le polypropyl\u00e8ne, ce qui le rend l\u00e9ger et<\/p>\n","protected":false},"featured_media":17916,"comment_status":"open","ping_status":"closed","template":"","meta":{"_themeisle_gutenberg_block_has_review":false,"_joinchat":[]},"product_cat":[566,592],"product_tag":[],"_links":{"self":[{"href":"https:\/\/marouti.ma\/index.php\/wp-json\/wp\/v2\/product\/17914"}],"collection":[{"href":"https:\/\/marouti.ma\/index.php\/wp-json\/wp\/v2\/product"}],"about":[{"href":"https:\/\/marouti.ma\/index.php\/wp-json\/wp\/v2\/types\/product"}],"replies":[{"embeddable":true,"href":"https:\/\/marouti.ma\/index.php\/wp-json\/wp\/v2\/comments?post=17914"}],"version-history":[{"count":1,"href":"https:\/\/marouti.ma\/index.php\/wp-json\/wp\/v2\/product\/17914\/revisions"}],"predecessor-version":[{"id":17917,"href":"https:\/\/marouti.ma\/index.php\/wp-json\/wp\/v2\/product\/17914\/revisions\/17917"}],"wp:featuredmedia":[{"embeddable":true,"href":"https:\/\/marouti.ma\/index.php\/wp-json\/wp\/v2\/media\/17916"}],"wp:attachment":[{"href":"https:\/\/marouti.ma\/index.php\/wp-json\/wp\/v2\/media?parent=17914"}],"wp:term":[{"taxonomy":"product_cat","embeddable":true,"href":"https:\/\/marouti.ma\/index.php\/wp-json\/wp\/v2\/product_cat?post=17914"},{"taxonomy":"product_tag","embeddable":true,"href":"https:\/\/marouti.ma\/index.php\/wp-json\/wp\/v2\/product_tag?post=17914"}],"curies":[{"name":"wp","href":"https:\/\/api.w.org\/{rel}","templated":true}]}}