{"id":17908,"date":"2024-12-28T10:19:29","date_gmt":"2024-12-28T10:19:29","guid":{"rendered":"https:\/\/marouti.ma\/?post_type=product&#038;p=17908"},"modified":"2024-12-28T10:20:04","modified_gmt":"2024-12-28T10:20:04","slug":"porte-papier-inox","status":"publish","type":"product","link":"https:\/\/marouti.ma\/index.php\/product\/porte-papier-inox\/","title":{"rendered":"porte papier inox"},"content":{"rendered":"<ul>\n<li>un <strong>porte-papier toilette mural<\/strong> en acier inoxydable<\/li>\n<li data-sourcepos=\"3:1-3:144\"><strong>Maintenir le papier toilette \u00e0 port\u00e9e de main:<\/strong> Le rouleau de papier est ins\u00e9r\u00e9 dans le porte-papier, ce qui le rend facilement accessible.<\/li>\n<li data-sourcepos=\"4:1-4:109\"><strong>Optimiser l&rsquo;espace:<\/strong> Il se fixe au mur, lib\u00e9rant ainsi de l&rsquo;espace sur le plan de travail ou sur le sol.<\/li>\n<li data-sourcepos=\"5:1-6:0\"><strong>Apporter une touche d&rsquo;\u00e9l\u00e9gance:<\/strong> Son design simple et \u00e9pur\u00e9 s&rsquo;int\u00e8gre \u00e0 de nombreux styles de d\u00e9coration de salle de bain.<\/li>\n<li data-sourcepos=\"9:1-9:80\"><strong>Mat\u00e9riau:<\/strong> Acier inoxydable, r\u00e9sistant \u00e0 la corrosion et facile \u00e0 nettoyer.<\/li>\n<li data-sourcepos=\"10:1-10:97\"><strong>Installation:<\/strong> Fixation murale, g\u00e9n\u00e9ralement \u00e0 l&rsquo;aide de chevilles et de vis (non fournies).<\/li>\n<li data-sourcepos=\"11:1-11:86\"><strong>Design:<\/strong> Lignes simples et modernes, souvent avec une finition chrom\u00e9e brillante.<\/li>\n<li data-sourcepos=\"12:1-13:0\"><strong>Fonctionnalit\u00e9:<\/strong> Permet de d\u00e9rouler le papier toilette facilement et en douceur.<\/li>\n<\/ul>\n","protected":false},"excerpt":{"rendered":"<p>un porte-papier toilette mural en acier inoxydable Maintenir le papier toilette \u00e0 port\u00e9e de main: Le rouleau de papier est<\/p>\n","protected":false},"featured_media":17911,"comment_status":"open","ping_status":"closed","template":"","meta":{"_themeisle_gutenberg_block_has_review":false,"_joinchat":[]},"product_cat":[566,592],"product_tag":[],"_links":{"self":[{"href":"https:\/\/marouti.ma\/index.php\/wp-json\/wp\/v2\/product\/17908"}],"collection":[{"href":"https:\/\/marouti.ma\/index.php\/wp-json\/wp\/v2\/product"}],"about":[{"href":"https:\/\/marouti.ma\/index.php\/wp-json\/wp\/v2\/types\/product"}],"replies":[{"embeddable":true,"href":"https:\/\/marouti.ma\/index.php\/wp-json\/wp\/v2\/comments?post=17908"}],"version-history":[{"count":2,"href":"https:\/\/marouti.ma\/index.php\/wp-json\/wp\/v2\/product\/17908\/revisions"}],"predecessor-version":[{"id":17913,"href":"https:\/\/marouti.ma\/index.php\/wp-json\/wp\/v2\/product\/17908\/revisions\/17913"}],"wp:featuredmedia":[{"embeddable":true,"href":"https:\/\/marouti.ma\/index.php\/wp-json\/wp\/v2\/media\/17911"}],"wp:attachment":[{"href":"https:\/\/marouti.ma\/index.php\/wp-json\/wp\/v2\/media?parent=17908"}],"wp:term":[{"taxonomy":"product_cat","embeddable":true,"href":"https:\/\/marouti.ma\/index.php\/wp-json\/wp\/v2\/product_cat?post=17908"},{"taxonomy":"product_tag","embeddable":true,"href":"https:\/\/marouti.ma\/index.php\/wp-json\/wp\/v2\/product_tag?post=17908"}],"curies":[{"name":"wp","href":"https:\/\/api.w.org\/{rel}","templated":true}]}}