{"id":17906,"date":"2024-12-28T09:34:39","date_gmt":"2024-12-28T09:34:39","guid":{"rendered":"https:\/\/marouti.ma\/?post_type=product&#038;p=17906"},"modified":"2024-12-28T09:34:45","modified_gmt":"2024-12-28T09:34:45","slug":"porte-serviette-plaque","status":"publish","type":"product","link":"https:\/\/marouti.ma\/index.php\/product\/porte-serviette-plaque\/","title":{"rendered":"porte serviette plaque"},"content":{"rendered":"<ul>\n<li>une \u00e9tag\u00e8re murale polyvalente con\u00e7ue pour optimiser l&rsquo;espace dans une salle de bain ou une cuisine.<\/li>\n<li data-sourcepos=\"7:1-7:133\"><strong>Mat\u00e9riau :<\/strong> Principalement en acier inoxydable, connu pour sa durabilit\u00e9, sa r\u00e9sistance \u00e0 la corrosion et son aspect esth\u00e9tique.<\/li>\n<li data-sourcepos=\"8:1-8:100\"><strong>Design :<\/strong> Lignes \u00e9pur\u00e9es et modernes, s&rsquo;int\u00e9grant facilement \u00e0 diff\u00e9rents styles de d\u00e9coration.<\/li>\n<li><strong>\u00c9tag\u00e8re sup\u00e9rieure :<\/strong> Permet de poser des objets de diff\u00e9rentes tailles, comme des produits de beaut\u00e9, des shampoings, des \u00e9pices ou des petits appareils.<\/li>\n<li><strong>Barres porte-serviettes :<\/strong> Id\u00e9ales pour suspendre des serviettes de toilette, des gants de toilette ou des torchons de cuisine.<\/li>\n<li><strong>Crochets inf\u00e9rieurs :<\/strong> Pratiques pour accrocher des peignes, des brosses, des ustensiles de cuisine ou des serviettes suppl\u00e9mentaires.<\/li>\n<li data-sourcepos=\"13:1-14:0\"><strong>Installation :<\/strong> Fixation murale, g\u00e9n\u00e9ralement \u00e0 l&rsquo;aide de chevilles et de vis (non fournies), pour une installation s\u00e9curis\u00e9e.<\/li>\n<\/ul>\n","protected":false},"excerpt":{"rendered":"<p>une \u00e9tag\u00e8re murale polyvalente con\u00e7ue pour optimiser l&rsquo;espace dans une salle de bain ou une cuisine. Mat\u00e9riau : Principalement en<\/p>\n","protected":false},"featured_media":17901,"comment_status":"open","ping_status":"closed","template":"","meta":{"_themeisle_gutenberg_block_has_review":false,"_joinchat":[]},"product_cat":[566,569],"product_tag":[],"_links":{"self":[{"href":"https:\/\/marouti.ma\/index.php\/wp-json\/wp\/v2\/product\/17906"}],"collection":[{"href":"https:\/\/marouti.ma\/index.php\/wp-json\/wp\/v2\/product"}],"about":[{"href":"https:\/\/marouti.ma\/index.php\/wp-json\/wp\/v2\/types\/product"}],"replies":[{"embeddable":true,"href":"https:\/\/marouti.ma\/index.php\/wp-json\/wp\/v2\/comments?post=17906"}],"version-history":[{"count":1,"href":"https:\/\/marouti.ma\/index.php\/wp-json\/wp\/v2\/product\/17906\/revisions"}],"predecessor-version":[{"id":17907,"href":"https:\/\/marouti.ma\/index.php\/wp-json\/wp\/v2\/product\/17906\/revisions\/17907"}],"wp:featuredmedia":[{"embeddable":true,"href":"https:\/\/marouti.ma\/index.php\/wp-json\/wp\/v2\/media\/17901"}],"wp:attachment":[{"href":"https:\/\/marouti.ma\/index.php\/wp-json\/wp\/v2\/media?parent=17906"}],"wp:term":[{"taxonomy":"product_cat","embeddable":true,"href":"https:\/\/marouti.ma\/index.php\/wp-json\/wp\/v2\/product_cat?post=17906"},{"taxonomy":"product_tag","embeddable":true,"href":"https:\/\/marouti.ma\/index.php\/wp-json\/wp\/v2\/product_tag?post=17906"}],"curies":[{"name":"wp","href":"https:\/\/api.w.org\/{rel}","templated":true}]}}