{"id":17893,"date":"2024-12-28T09:07:50","date_gmt":"2024-12-28T09:07:50","guid":{"rendered":"https:\/\/marouti.ma\/?post_type=product&#038;p=17893"},"modified":"2025-04-14T17:03:14","modified_gmt":"2025-04-14T17:03:14","slug":"porte-serviette-60-cm","status":"publish","type":"product","link":"https:\/\/marouti.ma\/index.php\/product\/porte-serviette-60-cm\/","title":{"rendered":"porte serviette 60 cm"},"content":{"rendered":"<ul>\n<li>un porte-serviette mural moderne et minimaliste.<\/li>\n<li>Il est fix\u00e9 \u00e0 un mur qui semble \u00eatre recouvert d&rsquo;un mat\u00e9riau de type b\u00e9ton ou pierre.<\/li>\n<li>Le porte-serviette lui-m\u00eame est en m\u00e9tal chrom\u00e9, ce qui lui donne un aspect brillant et \u00e9l\u00e9gant.<\/li>\n<li>Il est compos\u00e9 d&rsquo;une barre horizontale principale sur laquelle on peut suspendre une serviette, et de deux supports verticaux carr\u00e9s fix\u00e9s au mur.<\/li>\n<li>Le design est simple et \u00e9pur\u00e9, ce qui s&rsquo;int\u00e8gre bien dans les salles de bains contemporaines. Une serviette blanche est suspendue \u00e0 la barre pour illustrer l&rsquo;utilisation du produit.<\/li>\n<\/ul>\n","protected":false},"excerpt":{"rendered":"<p>un porte-serviette mural moderne et minimaliste. Il est fix\u00e9 \u00e0 un mur qui semble \u00eatre recouvert d&rsquo;un mat\u00e9riau de type<\/p>\n","protected":false},"featured_media":17897,"comment_status":"open","ping_status":"closed","template":"","meta":{"_themeisle_gutenberg_block_has_review":false,"_joinchat":[]},"product_cat":[566,569],"product_tag":[],"_links":{"self":[{"href":"https:\/\/marouti.ma\/index.php\/wp-json\/wp\/v2\/product\/17893"}],"collection":[{"href":"https:\/\/marouti.ma\/index.php\/wp-json\/wp\/v2\/product"}],"about":[{"href":"https:\/\/marouti.ma\/index.php\/wp-json\/wp\/v2\/types\/product"}],"replies":[{"embeddable":true,"href":"https:\/\/marouti.ma\/index.php\/wp-json\/wp\/v2\/comments?post=17893"}],"version-history":[{"count":1,"href":"https:\/\/marouti.ma\/index.php\/wp-json\/wp\/v2\/product\/17893\/revisions"}],"predecessor-version":[{"id":17898,"href":"https:\/\/marouti.ma\/index.php\/wp-json\/wp\/v2\/product\/17893\/revisions\/17898"}],"wp:featuredmedia":[{"embeddable":true,"href":"https:\/\/marouti.ma\/index.php\/wp-json\/wp\/v2\/media\/17897"}],"wp:attachment":[{"href":"https:\/\/marouti.ma\/index.php\/wp-json\/wp\/v2\/media?parent=17893"}],"wp:term":[{"taxonomy":"product_cat","embeddable":true,"href":"https:\/\/marouti.ma\/index.php\/wp-json\/wp\/v2\/product_cat?post=17893"},{"taxonomy":"product_tag","embeddable":true,"href":"https:\/\/marouti.ma\/index.php\/wp-json\/wp\/v2\/product_tag?post=17893"}],"curies":[{"name":"wp","href":"https:\/\/api.w.org\/{rel}","templated":true}]}}