{"id":17868,"date":"2024-12-27T10:41:08","date_gmt":"2024-12-27T10:41:08","guid":{"rendered":"https:\/\/marouti.ma\/?post_type=product&#038;p=17868"},"modified":"2024-12-27T10:41:08","modified_gmt":"2024-12-27T10:41:08","slug":"siphon-poussoir-100100-mm","status":"publish","type":"product","link":"https:\/\/marouti.ma\/index.php\/product\/siphon-poussoir-100100-mm\/","title":{"rendered":"SIPHON POUSSOIR : 100*100 mm"},"content":{"rendered":"<p><strong> un siphon de sol de forme carr\u00e9e, fabriqu\u00e9 en acier inoxydable.<\/strong> Son design est particuli\u00e8rement original gr\u00e2ce \u00e0 l&rsquo;ajout d&rsquo;une empreinte de pied d\u00e9coup\u00e9e au centre. Cette touche esth\u00e9tique apporte une note ludique et contemporaine \u00e0 cet \u00e9l\u00e9ment g\u00e9n\u00e9ralement plus fonctionnel.<\/p>\n<ul data-sourcepos=\"7:1-11:0\">\n<li data-sourcepos=\"7:1-7:129\"><strong>Mat\u00e9riau :<\/strong> Acier inoxydable, un mat\u00e9riau reconnu pour sa r\u00e9sistance \u00e0 la corrosion, sa durabilit\u00e9 et son aspect hygi\u00e9nique.<\/li>\n<li data-sourcepos=\"8:1-8:77\"><strong>Forme :<\/strong> Carr\u00e9, une forme classique et r\u00e9pandue pour les siphons de sol.<\/li>\n<li data-sourcepos=\"9:1-9:96\"><strong>Motif :<\/strong> Empreinte de pied, un motif original qui ajoute une touche personnelle \u00e0 la pi\u00e8ce.<\/li>\n<li data-sourcepos=\"10:1-11:0\"><strong>Grille :<\/strong> La grille est compos\u00e9e de fentes fines, permettant un \u00e9coulement efficace de l&rsquo;eau tout en retenant les cheveux et autres petits d\u00e9bris.<\/li>\n<\/ul>\n<h3 data-sourcepos=\"12:1-12:20\"><\/h3>\n","protected":false},"excerpt":{"rendered":"<p>un siphon de sol de forme carr\u00e9e, fabriqu\u00e9 en acier inoxydable. Son design est particuli\u00e8rement original gr\u00e2ce \u00e0 l&rsquo;ajout d&rsquo;une<\/p>\n","protected":false},"featured_media":17869,"comment_status":"open","ping_status":"closed","template":"","meta":{"_themeisle_gutenberg_block_has_review":false,"_joinchat":[]},"product_cat":[568],"product_tag":[],"_links":{"self":[{"href":"https:\/\/marouti.ma\/index.php\/wp-json\/wp\/v2\/product\/17868"}],"collection":[{"href":"https:\/\/marouti.ma\/index.php\/wp-json\/wp\/v2\/product"}],"about":[{"href":"https:\/\/marouti.ma\/index.php\/wp-json\/wp\/v2\/types\/product"}],"replies":[{"embeddable":true,"href":"https:\/\/marouti.ma\/index.php\/wp-json\/wp\/v2\/comments?post=17868"}],"version-history":[{"count":1,"href":"https:\/\/marouti.ma\/index.php\/wp-json\/wp\/v2\/product\/17868\/revisions"}],"predecessor-version":[{"id":17872,"href":"https:\/\/marouti.ma\/index.php\/wp-json\/wp\/v2\/product\/17868\/revisions\/17872"}],"wp:featuredmedia":[{"embeddable":true,"href":"https:\/\/marouti.ma\/index.php\/wp-json\/wp\/v2\/media\/17869"}],"wp:attachment":[{"href":"https:\/\/marouti.ma\/index.php\/wp-json\/wp\/v2\/media?parent=17868"}],"wp:term":[{"taxonomy":"product_cat","embeddable":true,"href":"https:\/\/marouti.ma\/index.php\/wp-json\/wp\/v2\/product_cat?post=17868"},{"taxonomy":"product_tag","embeddable":true,"href":"https:\/\/marouti.ma\/index.php\/wp-json\/wp\/v2\/product_tag?post=17868"}],"curies":[{"name":"wp","href":"https:\/\/api.w.org\/{rel}","templated":true}]}}