{"id":17863,"date":"2024-12-27T09:55:13","date_gmt":"2024-12-27T09:55:13","guid":{"rendered":"https:\/\/marouti.ma\/?post_type=product&#038;p=17863"},"modified":"2024-12-27T10:42:10","modified_gmt":"2024-12-27T10:42:10","slug":"siphon-de-cour-inox-100100-mm-2","status":"publish","type":"product","link":"https:\/\/marouti.ma\/index.php\/product\/siphon-de-cour-inox-100100-mm-2\/","title":{"rendered":"SIPHON de cour inox : 100*100 mm"},"content":{"rendered":"<ul>\n<li><strong> un siphon de sol de forme carr\u00e9e, fabriqu\u00e9 en acier inoxydable.<\/strong><\/li>\n<li>Son design est particuli\u00e8rement original gr\u00e2ce \u00e0 l&rsquo;ajout d&rsquo;un motif de pomme d\u00e9coup\u00e9 dans la grille.<\/li>\n<li>Cette touche esth\u00e9tique apporte une note de modernit\u00e9 et d&rsquo;originalit\u00e9 \u00e0 cet \u00e9l\u00e9ment g\u00e9n\u00e9ralement plus fonctionnel.<\/li>\n<li data-sourcepos=\"7:1-7:129\"><strong>Mat\u00e9riau :<\/strong> Acier inoxydable, un mat\u00e9riau reconnu pour sa r\u00e9sistance \u00e0 la corrosion, sa durabilit\u00e9 et son aspect hygi\u00e9nique.<\/li>\n<li data-sourcepos=\"8:1-8:77\"><strong>Forme :<\/strong> Carr\u00e9, une forme classique et r\u00e9pandue pour les siphons de sol.<\/li>\n<li data-sourcepos=\"9:1-9:85\"><strong>Motif :<\/strong> Pomme, un motif d\u00e9coratif qui ajoute une touche personnelle \u00e0 la pi\u00e8ce.<\/li>\n<li data-sourcepos=\"10:1-10:175\"><strong>Grille :<\/strong> La grille est compos\u00e9e de fentes parall\u00e8les et de perforations, permettant un \u00e9coulement efficace de l&rsquo;eau tout en retenant les cheveux et autres petits d\u00e9bris.<\/li>\n<li data-sourcepos=\"11:1-12:0\"><strong>Bonde :<\/strong> La bonde, g\u00e9n\u00e9ralement en laiton, assure l&rsquo;\u00e9tanch\u00e9it\u00e9 et permet de bloquer l&rsquo;\u00e9vacuation si n\u00e9cessaire.<\/li>\n<\/ul>\n","protected":false},"excerpt":{"rendered":"<p>un siphon de sol de forme carr\u00e9e, fabriqu\u00e9 en acier inoxydable. Son design est particuli\u00e8rement original gr\u00e2ce \u00e0 l&rsquo;ajout d&rsquo;un<\/p>\n","protected":false},"featured_media":17865,"comment_status":"open","ping_status":"closed","template":"","meta":{"_themeisle_gutenberg_block_has_review":false,"_joinchat":[]},"product_cat":[568],"product_tag":[],"_links":{"self":[{"href":"https:\/\/marouti.ma\/index.php\/wp-json\/wp\/v2\/product\/17863"}],"collection":[{"href":"https:\/\/marouti.ma\/index.php\/wp-json\/wp\/v2\/product"}],"about":[{"href":"https:\/\/marouti.ma\/index.php\/wp-json\/wp\/v2\/types\/product"}],"replies":[{"embeddable":true,"href":"https:\/\/marouti.ma\/index.php\/wp-json\/wp\/v2\/comments?post=17863"}],"version-history":[{"count":1,"href":"https:\/\/marouti.ma\/index.php\/wp-json\/wp\/v2\/product\/17863\/revisions"}],"predecessor-version":[{"id":17867,"href":"https:\/\/marouti.ma\/index.php\/wp-json\/wp\/v2\/product\/17863\/revisions\/17867"}],"wp:featuredmedia":[{"embeddable":true,"href":"https:\/\/marouti.ma\/index.php\/wp-json\/wp\/v2\/media\/17865"}],"wp:attachment":[{"href":"https:\/\/marouti.ma\/index.php\/wp-json\/wp\/v2\/media?parent=17863"}],"wp:term":[{"taxonomy":"product_cat","embeddable":true,"href":"https:\/\/marouti.ma\/index.php\/wp-json\/wp\/v2\/product_cat?post=17863"},{"taxonomy":"product_tag","embeddable":true,"href":"https:\/\/marouti.ma\/index.php\/wp-json\/wp\/v2\/product_tag?post=17863"}],"curies":[{"name":"wp","href":"https:\/\/api.w.org\/{rel}","templated":true}]}}