{"id":17851,"date":"2024-12-27T09:02:01","date_gmt":"2024-12-27T09:02:01","guid":{"rendered":"https:\/\/marouti.ma\/?post_type=product&#038;p=17851"},"modified":"2024-12-27T09:02:55","modified_gmt":"2024-12-27T09:02:55","slug":"siphon-de-cour-inox-10104-cm","status":"publish","type":"product","link":"https:\/\/marouti.ma\/index.php\/product\/siphon-de-cour-inox-10104-cm\/","title":{"rendered":"SIPHON de cour inox : 100*100*40mm"},"content":{"rendered":"<ul>\n<li>un <strong>siphon de sol carr\u00e9 en acier inoxydable<\/strong>. Ce type de siphon est couramment utilis\u00e9 dans les salles de bains, les cuisines et d&rsquo;autres pi\u00e8ces humides pour \u00e9vacuer l&rsquo;eau.<\/li>\n<li data-sourcepos=\"7:1-7:166\"><strong>Mat\u00e9riau :<\/strong> Acier inoxydable SUS 304. Ce mat\u00e9riau est connu pour sa r\u00e9sistance \u00e0 la corrosion et \u00e0 la rouille, ce qui le rend id\u00e9al pour un environnement humide.<\/li>\n<li data-sourcepos=\"8:1-8:229\"><strong>Design :<\/strong> Le siphon pr\u00e9sente un design moderne et \u00e9pur\u00e9 avec une grille perfor\u00e9e qui emp\u00eache les cheveux et autres d\u00e9bris de obstruer l&rsquo;\u00e9vacuation. Le motif int\u00e9rieur du siphon est con\u00e7u pour am\u00e9liorer l&rsquo;\u00e9coulement de l&rsquo;eau.<\/li>\n<\/ul>\n","protected":false},"excerpt":{"rendered":"<p>un siphon de sol carr\u00e9 en acier inoxydable. Ce type de siphon est couramment utilis\u00e9 dans les salles de bains,<\/p>\n","protected":false},"featured_media":17854,"comment_status":"open","ping_status":"closed","template":"","meta":{"_themeisle_gutenberg_block_has_review":false,"_joinchat":[]},"product_cat":[568],"product_tag":[],"_links":{"self":[{"href":"https:\/\/marouti.ma\/index.php\/wp-json\/wp\/v2\/product\/17851"}],"collection":[{"href":"https:\/\/marouti.ma\/index.php\/wp-json\/wp\/v2\/product"}],"about":[{"href":"https:\/\/marouti.ma\/index.php\/wp-json\/wp\/v2\/types\/product"}],"replies":[{"embeddable":true,"href":"https:\/\/marouti.ma\/index.php\/wp-json\/wp\/v2\/comments?post=17851"}],"version-history":[{"count":2,"href":"https:\/\/marouti.ma\/index.php\/wp-json\/wp\/v2\/product\/17851\/revisions"}],"predecessor-version":[{"id":17856,"href":"https:\/\/marouti.ma\/index.php\/wp-json\/wp\/v2\/product\/17851\/revisions\/17856"}],"wp:featuredmedia":[{"embeddable":true,"href":"https:\/\/marouti.ma\/index.php\/wp-json\/wp\/v2\/media\/17854"}],"wp:attachment":[{"href":"https:\/\/marouti.ma\/index.php\/wp-json\/wp\/v2\/media?parent=17851"}],"wp:term":[{"taxonomy":"product_cat","embeddable":true,"href":"https:\/\/marouti.ma\/index.php\/wp-json\/wp\/v2\/product_cat?post=17851"},{"taxonomy":"product_tag","embeddable":true,"href":"https:\/\/marouti.ma\/index.php\/wp-json\/wp\/v2\/product_tag?post=17851"}],"curies":[{"name":"wp","href":"https:\/\/api.w.org\/{rel}","templated":true}]}}