{"id":17849,"date":"2024-12-26T10:10:48","date_gmt":"2024-12-26T10:10:48","guid":{"rendered":"https:\/\/marouti.ma\/?post_type=product&#038;p=17849"},"modified":"2024-12-26T10:10:52","modified_gmt":"2024-12-26T10:10:52","slug":"panier-evier-inox-ajustable","status":"publish","type":"product","link":"https:\/\/marouti.ma\/index.php\/product\/panier-evier-inox-ajustable\/","title":{"rendered":"panier \u00e9vier inox ajustable"},"content":{"rendered":"<ul>\n<li data-sourcepos=\"7:1-7:161\"><strong>Structure m\u00e9tallique :<\/strong> G\u00e9n\u00e9ralement en acier inoxydable ou en m\u00e9tal chrom\u00e9, cette structure garantit une bonne durabilit\u00e9 et une r\u00e9sistance \u00e0 la corrosion.<\/li>\n<li data-sourcepos=\"8:1-8:169\"><strong>Plateau principal :<\/strong> Ce plateau est con\u00e7u pour accueillir les assiettes et les plats. Il est souvent \u00e9quip\u00e9 de petits rebords pour emp\u00eacher la vaisselle de glisser.<\/li>\n<li data-sourcepos=\"9:1-9:143\"><strong>Compartiment suppl\u00e9mentaire :<\/strong> Le compartiment bleu amovible est id\u00e9al pour ranger les couverts, les ustensiles de cuisine ou les \u00e9ponges.<\/li>\n<\/ul>\n","protected":false},"excerpt":{"rendered":"<p>Structure m\u00e9tallique : G\u00e9n\u00e9ralement en acier inoxydable ou en m\u00e9tal chrom\u00e9, cette structure garantit une bonne durabilit\u00e9 et une r\u00e9sistance<\/p>\n","protected":false},"featured_media":17831,"comment_status":"open","ping_status":"closed","template":"","meta":{"_themeisle_gutenberg_block_has_review":false,"_joinchat":[]},"product_cat":[567],"product_tag":[],"_links":{"self":[{"href":"https:\/\/marouti.ma\/index.php\/wp-json\/wp\/v2\/product\/17849"}],"collection":[{"href":"https:\/\/marouti.ma\/index.php\/wp-json\/wp\/v2\/product"}],"about":[{"href":"https:\/\/marouti.ma\/index.php\/wp-json\/wp\/v2\/types\/product"}],"replies":[{"embeddable":true,"href":"https:\/\/marouti.ma\/index.php\/wp-json\/wp\/v2\/comments?post=17849"}],"version-history":[{"count":1,"href":"https:\/\/marouti.ma\/index.php\/wp-json\/wp\/v2\/product\/17849\/revisions"}],"predecessor-version":[{"id":17850,"href":"https:\/\/marouti.ma\/index.php\/wp-json\/wp\/v2\/product\/17849\/revisions\/17850"}],"wp:featuredmedia":[{"embeddable":true,"href":"https:\/\/marouti.ma\/index.php\/wp-json\/wp\/v2\/media\/17831"}],"wp:attachment":[{"href":"https:\/\/marouti.ma\/index.php\/wp-json\/wp\/v2\/media?parent=17849"}],"wp:term":[{"taxonomy":"product_cat","embeddable":true,"href":"https:\/\/marouti.ma\/index.php\/wp-json\/wp\/v2\/product_cat?post=17849"},{"taxonomy":"product_tag","embeddable":true,"href":"https:\/\/marouti.ma\/index.php\/wp-json\/wp\/v2\/product_tag?post=17849"}],"curies":[{"name":"wp","href":"https:\/\/api.w.org\/{rel}","templated":true}]}}