{"id":17845,"date":"2024-12-26T09:52:34","date_gmt":"2024-12-26T09:52:34","guid":{"rendered":"https:\/\/marouti.ma\/?post_type=product&#038;p=17845"},"modified":"2024-12-31T11:15:14","modified_gmt":"2024-12-31T11:15:14","slug":"support-de-plat-devier-en-acier-inoxydable-953250-cm","status":"publish","type":"product","link":"https:\/\/marouti.ma\/index.php\/product\/support-de-plat-devier-en-acier-inoxydable-953250-cm\/","title":{"rendered":"SUPPORT DE PLAT D\u2019EVIER EN ACIER INOXYDABLE  95*32*50 cm"},"content":{"rendered":"<ul>\n<li data-sourcepos=\"3:1-3:190\">L&rsquo;\u00e9gouttoir \u00e0 vaisselle offre de nombreuses possibilit\u00e9s de rangement et d&rsquo;organisation de votre vaisselle.<\/li>\n<li data-sourcepos=\"3:1-3:190\"><strong>Structure modulable :<\/strong> Cet \u00e9gouttoir se compose de plusieurs \u00e9l\u00e9ments modulables, ce qui vous permet de l&rsquo;adapter \u00e0 la configuration de votre \u00e9vier et \u00e0 vos besoins sp\u00e9cifiques.<\/li>\n<li data-sourcepos=\"3:1-3:190\"><strong>Multiples compartiments :<\/strong> Il dispose de plusieurs compartiments de diff\u00e9rentes tailles, con\u00e7us pour accueillir tous types de vaisselle : assiettes, bols, tasses, couverts, etc.<\/li>\n<li data-sourcepos=\"3:1-3:190\"><strong>S\u00e9chage rapide :<\/strong> La conception \u00e0 claire-voie permet une excellente circulation de l&rsquo;air, assurant ainsi un s\u00e9chage rapide de votre vaisselle.<\/li>\n<li data-sourcepos=\"3:1-3:190\"><strong>Stabilit\u00e9 :<\/strong> Les pieds sont g\u00e9n\u00e9ralement \u00e9quip\u00e9s de ventouses ou de patins antid\u00e9rapants pour assurer une bonne stabilit\u00e9 sur le plan de travail.<\/li>\n<li data-sourcepos=\"14:1-14:165\"><strong>Organisation optimale :<\/strong> Gr\u00e2ce \u00e0 ses nombreux compartiments, vous pouvez organiser votre vaisselle de mani\u00e8re efficace et gagner de la place dans votre cuisine.<\/li>\n<li data-sourcepos=\"15:1-15:101\"><strong>Polyvalence :<\/strong> Il s&rsquo;adapte \u00e0 tous les types de vaisselle et \u00e0 toutes les configurations d&rsquo;\u00e9vier.<\/li>\n<li data-sourcepos=\"16:1-16:103\"><strong>Hygi\u00e9nique :<\/strong> La conception \u00e0 claire-voie facilite le nettoyage et emp\u00eache la stagnation de l&rsquo;eau.<\/li>\n<li data-sourcepos=\"17:1-18:0\"><strong>Robuste :<\/strong> Les mat\u00e9riaux utilis\u00e9s sont g\u00e9n\u00e9ralement r\u00e9sistants \u00e0 la corrosion et \u00e0 la rouille.<\/li>\n<li data-sourcepos=\"17:1-18:0\">Dimensions : 950*320*500 mm<\/li>\n<\/ul>\n","protected":false},"excerpt":{"rendered":"<p>L&rsquo;\u00e9gouttoir \u00e0 vaisselle offre de nombreuses possibilit\u00e9s de rangement et d&rsquo;organisation de votre vaisselle. Structure modulable : Cet \u00e9gouttoir se<\/p>\n","protected":false},"featured_media":17840,"comment_status":"open","ping_status":"closed","template":"","meta":{"_themeisle_gutenberg_block_has_review":false,"_joinchat":[]},"product_cat":[567],"product_tag":[],"_links":{"self":[{"href":"https:\/\/marouti.ma\/index.php\/wp-json\/wp\/v2\/product\/17845"}],"collection":[{"href":"https:\/\/marouti.ma\/index.php\/wp-json\/wp\/v2\/product"}],"about":[{"href":"https:\/\/marouti.ma\/index.php\/wp-json\/wp\/v2\/types\/product"}],"replies":[{"embeddable":true,"href":"https:\/\/marouti.ma\/index.php\/wp-json\/wp\/v2\/comments?post=17845"}],"version-history":[{"count":2,"href":"https:\/\/marouti.ma\/index.php\/wp-json\/wp\/v2\/product\/17845\/revisions"}],"predecessor-version":[{"id":17938,"href":"https:\/\/marouti.ma\/index.php\/wp-json\/wp\/v2\/product\/17845\/revisions\/17938"}],"wp:featuredmedia":[{"embeddable":true,"href":"https:\/\/marouti.ma\/index.php\/wp-json\/wp\/v2\/media\/17840"}],"wp:attachment":[{"href":"https:\/\/marouti.ma\/index.php\/wp-json\/wp\/v2\/media?parent=17845"}],"wp:term":[{"taxonomy":"product_cat","embeddable":true,"href":"https:\/\/marouti.ma\/index.php\/wp-json\/wp\/v2\/product_cat?post=17845"},{"taxonomy":"product_tag","embeddable":true,"href":"https:\/\/marouti.ma\/index.php\/wp-json\/wp\/v2\/product_tag?post=17845"}],"curies":[{"name":"wp","href":"https:\/\/api.w.org\/{rel}","templated":true}]}}