{"id":17843,"date":"2024-12-26T09:40:27","date_gmt":"2024-12-26T09:40:27","guid":{"rendered":"https:\/\/marouti.ma\/?post_type=product&#038;p=17843"},"modified":"2025-04-14T11:45:05","modified_gmt":"2025-04-14T11:45:05","slug":"egouttoire-sur-table-inox-28555402-cm","status":"publish","type":"product","link":"https:\/\/marouti.ma\/index.php\/product\/egouttoire-sur-table-inox-28555402-cm\/","title":{"rendered":"EGOUTTOIRE SUR TABLE INOX   28*55,5*40,2 cm"},"content":{"rendered":"<ul>\n<li data-sourcepos=\"3:1-3:165\">L&rsquo;\u00e9gouttoir \u00e0 vaisselle\u00a0 est un mod\u00e8le classique et tr\u00e8s populaire. Son design simple et efficace en fait un incontournable de nombreuses cuisines.<\/li>\n<li data-sourcepos=\"7:1-7:217\"><strong>Acier inoxydable :<\/strong> Ce mat\u00e9riau offre une excellente r\u00e9sistance \u00e0 la corrosion et \u00e0 la rouille, garantissant ainsi une longue dur\u00e9e de vie \u00e0 votre \u00e9gouttoir. Il est \u00e9galement tr\u00e8s hygi\u00e9nique et facile \u00e0 nettoyer.<\/li>\n<li data-sourcepos=\"8:1-8:256\"><strong>Deux niveaux :<\/strong> Le niveau sup\u00e9rieur est g\u00e9n\u00e9ralement destin\u00e9 aux assiettes et aux plats, tandis que le niveau inf\u00e9rieur peut accueillir les tasses, les bols et les verres. Cela permet d&rsquo;optimiser l&rsquo;espace et de s\u00e9cher rapidement toute votre vaisselle.<\/li>\n<li data-sourcepos=\"9:1-9:113\"><strong>Stabilit\u00e9 :<\/strong> Les pieds antid\u00e9rapants assurent une bonne stabilit\u00e9 de l&rsquo;\u00e9gouttoir, m\u00eame lorsqu&rsquo;il est charg\u00e9.<\/li>\n<li data-sourcepos=\"10:1-11:0\"><strong>Design compact :<\/strong> Ce mod\u00e8le semble particuli\u00e8rement compact, ce qui le rend id\u00e9al pour les petites cuisines ou les espaces restreints.<\/li>\n<li data-sourcepos=\"14:1-14:97\"><strong>Pratique :<\/strong> Il permet de s\u00e9cher rapidement la vaisselle et de la ranger de mani\u00e8re ordonn\u00e9e.<\/li>\n<li data-sourcepos=\"15:1-15:104\"><strong>Hygi\u00e9nique :<\/strong> L&rsquo;acier inoxydable est facile \u00e0 nettoyer et r\u00e9siste \u00e0 la prolif\u00e9ration des bact\u00e9ries.<\/li>\n<li data-sourcepos=\"16:1-16:82\"><strong>Esth\u00e9tique :<\/strong> Son design sobre et moderne s&rsquo;int\u00e8gre dans toutes les cuisines.<\/li>\n<li data-sourcepos=\"17:1-18:0\"><strong>Durable :<\/strong> Sa construction robuste en acier inoxydable lui assure une longue dur\u00e9e de vie.<\/li>\n<li data-sourcepos=\"17:1-18:0\">Dimensions : 280*555*402 mm<\/li>\n<\/ul>\n","protected":false},"excerpt":{"rendered":"<p>L&rsquo;\u00e9gouttoir \u00e0 vaisselle\u00a0 est un mod\u00e8le classique et tr\u00e8s populaire. Son design simple et efficace en fait un incontournable de<\/p>\n","protected":false},"featured_media":18073,"comment_status":"open","ping_status":"closed","template":"","meta":{"_themeisle_gutenberg_block_has_review":false,"_joinchat":[]},"product_cat":[567],"product_tag":[],"_links":{"self":[{"href":"https:\/\/marouti.ma\/index.php\/wp-json\/wp\/v2\/product\/17843"}],"collection":[{"href":"https:\/\/marouti.ma\/index.php\/wp-json\/wp\/v2\/product"}],"about":[{"href":"https:\/\/marouti.ma\/index.php\/wp-json\/wp\/v2\/types\/product"}],"replies":[{"embeddable":true,"href":"https:\/\/marouti.ma\/index.php\/wp-json\/wp\/v2\/comments?post=17843"}],"version-history":[{"count":2,"href":"https:\/\/marouti.ma\/index.php\/wp-json\/wp\/v2\/product\/17843\/revisions"}],"predecessor-version":[{"id":17935,"href":"https:\/\/marouti.ma\/index.php\/wp-json\/wp\/v2\/product\/17843\/revisions\/17935"}],"wp:featuredmedia":[{"embeddable":true,"href":"https:\/\/marouti.ma\/index.php\/wp-json\/wp\/v2\/media\/18073"}],"wp:attachment":[{"href":"https:\/\/marouti.ma\/index.php\/wp-json\/wp\/v2\/media?parent=17843"}],"wp:term":[{"taxonomy":"product_cat","embeddable":true,"href":"https:\/\/marouti.ma\/index.php\/wp-json\/wp\/v2\/product_cat?post=17843"},{"taxonomy":"product_tag","embeddable":true,"href":"https:\/\/marouti.ma\/index.php\/wp-json\/wp\/v2\/product_tag?post=17843"}],"curies":[{"name":"wp","href":"https:\/\/api.w.org\/{rel}","templated":true}]}}