{"id":17812,"date":"2024-12-25T11:18:06","date_gmt":"2024-12-25T11:18:06","guid":{"rendered":"https:\/\/marouti.ma\/?post_type=product&#038;p=17812"},"modified":"2024-12-25T11:18:13","modified_gmt":"2024-12-25T11:18:13","slug":"siphon-de-douche-600mm","status":"publish","type":"product","link":"https:\/\/marouti.ma\/index.php\/product\/siphon-de-douche-600mm\/","title":{"rendered":"Siphon de douche  600mm"},"content":{"rendered":"<ul>\n<li>le siphon\u00a0 est couramment utilis\u00e9 dans les salles de bains, les cuisines et d&rsquo;autres espaces o\u00f9 l&rsquo;\u00e9vacuation de l&rsquo;eau est n\u00e9cessaire.<\/li>\n<li>Il se caract\u00e9rise par sa forme rectangulaire allong\u00e9e et ses fentes \u00e9troites qui permettent \u00e0 l&rsquo;eau de s&rsquo;\u00e9couler rapidement.<\/li>\n<li data-sourcepos=\"9:1-9:93\"><strong>Mat\u00e9riau :<\/strong> Acier inoxydable, un mat\u00e9riau r\u00e9sistant \u00e0 la corrosion et facile \u00e0 nettoyer.<\/li>\n<li data-sourcepos=\"10:1-10:63\"><strong>Forme :<\/strong> Rectangulaire, ce qui le rend discret et \u00e9l\u00e9gant.<\/li>\n<li data-sourcepos=\"11:1-11:75\"><strong>Finition :<\/strong> Surface lisse et brillante, typique de l&rsquo;acier inoxydable.<\/li>\n<li data-sourcepos=\"12:1-13:0\"><strong>Installation :<\/strong> Le drain semble \u00eatre encastr\u00e9 dans le sol, ce qui donne un aspect soign\u00e9<\/li>\n<\/ul>\n","protected":false},"excerpt":{"rendered":"<p>le siphon\u00a0 est couramment utilis\u00e9 dans les salles de bains, les cuisines et d&rsquo;autres espaces o\u00f9 l&rsquo;\u00e9vacuation de l&rsquo;eau est<\/p>\n","protected":false},"featured_media":17818,"comment_status":"open","ping_status":"closed","template":"","meta":{"_themeisle_gutenberg_block_has_review":false,"_joinchat":[]},"product_cat":[568],"product_tag":[],"_links":{"self":[{"href":"https:\/\/marouti.ma\/index.php\/wp-json\/wp\/v2\/product\/17812"}],"collection":[{"href":"https:\/\/marouti.ma\/index.php\/wp-json\/wp\/v2\/product"}],"about":[{"href":"https:\/\/marouti.ma\/index.php\/wp-json\/wp\/v2\/types\/product"}],"replies":[{"embeddable":true,"href":"https:\/\/marouti.ma\/index.php\/wp-json\/wp\/v2\/comments?post=17812"}],"version-history":[{"count":1,"href":"https:\/\/marouti.ma\/index.php\/wp-json\/wp\/v2\/product\/17812\/revisions"}],"predecessor-version":[{"id":17819,"href":"https:\/\/marouti.ma\/index.php\/wp-json\/wp\/v2\/product\/17812\/revisions\/17819"}],"wp:featuredmedia":[{"embeddable":true,"href":"https:\/\/marouti.ma\/index.php\/wp-json\/wp\/v2\/media\/17818"}],"wp:attachment":[{"href":"https:\/\/marouti.ma\/index.php\/wp-json\/wp\/v2\/media?parent=17812"}],"wp:term":[{"taxonomy":"product_cat","embeddable":true,"href":"https:\/\/marouti.ma\/index.php\/wp-json\/wp\/v2\/product_cat?post=17812"},{"taxonomy":"product_tag","embeddable":true,"href":"https:\/\/marouti.ma\/index.php\/wp-json\/wp\/v2\/product_tag?post=17812"}],"curies":[{"name":"wp","href":"https:\/\/api.w.org\/{rel}","templated":true}]}}