{"id":17641,"date":"2024-12-18T10:56:46","date_gmt":"2024-12-18T10:56:46","guid":{"rendered":"https:\/\/marouti.ma\/?post_type=product&#038;p=17641"},"modified":"2024-12-18T10:56:52","modified_gmt":"2024-12-18T10:56:52","slug":"evier-cuisine-2-bac-avec-tuyau-de-mise-a-leau-evier-sous-plan-ou-evier-a-poser-montage-a-encastrer-ou-a-poser","status":"publish","type":"product","link":"https:\/\/marouti.ma\/index.php\/product\/evier-cuisine-2-bac-avec-tuyau-de-mise-a-leau-evier-sous-plan-ou-evier-a-poser-montage-a-encastrer-ou-a-poser\/","title":{"rendered":"Evier Cuisine 2 Bac avec Tuyau de Mise \u00c0 l&rsquo;eau, , Evier sous Plan Ou Evier \u00c0 Poser, Montage \u00c0 Encastrer Ou \u00c0 Poser"},"content":{"rendered":"<ul class=\"a-unordered-list a-vertical a-spacing-mini\">\n<li class=\"a-spacing-mini\"><span class=\"a-list-item\">MAT\u00c9RIAUX CHOISIS: Les \u00e9viers de cuisine sous plan sont fabriqu\u00e9s en acier inoxydable de premi\u00e8re qualit\u00e9 et de forte \u00e9paisseur pour r\u00e9sister \u00e0 la rouille et \u00e0 la corrosion. Il peut rester neuf m\u00eame apr\u00e8s de nombreuses ann\u00e9es d&rsquo;utilisation. Le type d&rsquo;installation sous le plan de travail peut vous aider \u00e0 nettoyer le plan de travail plus facilement.<\/span><\/li>\n<li class=\"a-spacing-mini\"><span class=\"a-list-item\">Coins arrondis surface bross\u00e9e : Cet \u00e9vier de cuisine sous plan est con\u00e7u avec des coins \u00e0 rayon serr\u00e9 R10 pour emp\u00eacher l&rsquo;accumulation de taches dans les coins, ce qui facilite le nettoyage. La surface bross\u00e9e de qualit\u00e9 commerciale rend notre \u00e9vier de cuisine plus fonctionnel en r\u00e9sistant aux rayures et plus charmant, s&rsquo;adaptant bien \u00e0 tous les types de comptoirs.<\/span><\/li>\n<li class=\"a-spacing-mini\"><span class=\"a-list-item\">DRAINAGE RAPIDE ET AMORTISSEMENT SONORE : Notre \u00e9vier de cuisine \u00e0 une cuve a des lignes d&rsquo;eau de d\u00e9rivation et un fond l\u00e9g\u00e8rement inclin\u00e9 qui emp\u00eache l&rsquo;eau stagnante \u00e0 l&rsquo;int\u00e9rieur de la cuve de se drainer rapidement, sans obstruction. Des tampons insonorisant tr\u00e8s \u00e9pais ont \u00e9t\u00e9 ajout\u00e9s pour absorber le bruit de l&rsquo;eau qui coule. Le rev\u00eatement ext\u00e9rieur complet et \u00e9pais est peint pour emp\u00eacher l&rsquo;accumulation d&rsquo;humidit\u00e9, prot\u00e9geant ainsi votre meuble.<\/span><\/li>\n<li class=\"a-spacing-mini\"><span class=\"a-list-item\">Cuvette profonde : L&rsquo;\u00e9vier du poste de travail est assez profond et ne permet pas seulement de ranger les grandes casseroles\/po\u00eales\/feuilles de biscuits, mais aussi de cacher la vaisselle sale qui attend d&rsquo;\u00eatre mise au lave-vaisselle.<\/span><\/li>\n<\/ul>\n","protected":false},"excerpt":{"rendered":"<p>MAT\u00c9RIAUX CHOISIS: Les \u00e9viers de cuisine sous plan sont fabriqu\u00e9s en acier inoxydable de premi\u00e8re qualit\u00e9 et de forte \u00e9paisseur<\/p>\n","protected":false},"featured_media":17644,"comment_status":"open","ping_status":"closed","template":"","meta":{"_themeisle_gutenberg_block_has_review":false,"_joinchat":[]},"product_cat":[565],"product_tag":[],"_links":{"self":[{"href":"https:\/\/marouti.ma\/index.php\/wp-json\/wp\/v2\/product\/17641"}],"collection":[{"href":"https:\/\/marouti.ma\/index.php\/wp-json\/wp\/v2\/product"}],"about":[{"href":"https:\/\/marouti.ma\/index.php\/wp-json\/wp\/v2\/types\/product"}],"replies":[{"embeddable":true,"href":"https:\/\/marouti.ma\/index.php\/wp-json\/wp\/v2\/comments?post=17641"}],"version-history":[{"count":1,"href":"https:\/\/marouti.ma\/index.php\/wp-json\/wp\/v2\/product\/17641\/revisions"}],"predecessor-version":[{"id":17645,"href":"https:\/\/marouti.ma\/index.php\/wp-json\/wp\/v2\/product\/17641\/revisions\/17645"}],"wp:featuredmedia":[{"embeddable":true,"href":"https:\/\/marouti.ma\/index.php\/wp-json\/wp\/v2\/media\/17644"}],"wp:attachment":[{"href":"https:\/\/marouti.ma\/index.php\/wp-json\/wp\/v2\/media?parent=17641"}],"wp:term":[{"taxonomy":"product_cat","embeddable":true,"href":"https:\/\/marouti.ma\/index.php\/wp-json\/wp\/v2\/product_cat?post=17641"},{"taxonomy":"product_tag","embeddable":true,"href":"https:\/\/marouti.ma\/index.php\/wp-json\/wp\/v2\/product_tag?post=17641"}],"curies":[{"name":"wp","href":"https:\/\/api.w.org\/{rel}","templated":true}]}}