{"id":17637,"date":"2024-12-17T15:03:25","date_gmt":"2024-12-17T15:03:25","guid":{"rendered":"https:\/\/marouti.ma\/?post_type=product&#038;p=17637"},"modified":"2024-12-17T15:03:30","modified_gmt":"2024-12-17T15:03:30","slug":"evier-de-cuisine-evier-en-acier-inoxydable-a-double-cuve-dore-avec-2-egouttoirs-dores-et-kit-de-montage-convient-pour-la-cuisine-824522cm","status":"publish","type":"product","link":"https:\/\/marouti.ma\/index.php\/product\/evier-de-cuisine-evier-en-acier-inoxydable-a-double-cuve-dore-avec-2-egouttoirs-dores-et-kit-de-montage-convient-pour-la-cuisine-824522cm\/","title":{"rendered":"\u00c9vier de Cuisine \u00c9vier en Acier Inoxydable \u00e0 Double cuve dor\u00e9 avec 2 \u00e9gouttoirs dor\u00e9s et kit de Montage Convient pour la Cuisine  82*45*22cm"},"content":{"rendered":"<ul>\n<li>L&rsquo;\u00e9vier de cuisine dor\u00e9 se compose de deux bacs apportant une touche d&rsquo;\u00e9l\u00e9gance et de luxe la cuisine ,<\/li>\n<li>L&rsquo;\u00e9vier en acier inoxydable sous forme rectangulaire ce qui confere une apparence moderne et brillante ,<\/li>\n<li>L&rsquo;\u00e9vier est tr\u00e8s pratique dans une cuisine permet de s\u00e9parer les taches ; une cuve utilis\u00e9e pour laver la vaiselle tandis que l&rsquo;autre peut servir \u00e0 rincer les l\u00e9gumes ,<\/li>\n<\/ul>\n","protected":false},"excerpt":{"rendered":"<p>L&rsquo;\u00e9vier de cuisine dor\u00e9 se compose de deux bacs apportant une touche d&rsquo;\u00e9l\u00e9gance et de luxe la cuisine , L&rsquo;\u00e9vier<\/p>\n","protected":false},"featured_media":17639,"comment_status":"open","ping_status":"closed","template":"","meta":{"_themeisle_gutenberg_block_has_review":false,"_joinchat":[]},"product_cat":[565],"product_tag":[],"_links":{"self":[{"href":"https:\/\/marouti.ma\/index.php\/wp-json\/wp\/v2\/product\/17637"}],"collection":[{"href":"https:\/\/marouti.ma\/index.php\/wp-json\/wp\/v2\/product"}],"about":[{"href":"https:\/\/marouti.ma\/index.php\/wp-json\/wp\/v2\/types\/product"}],"replies":[{"embeddable":true,"href":"https:\/\/marouti.ma\/index.php\/wp-json\/wp\/v2\/comments?post=17637"}],"version-history":[{"count":1,"href":"https:\/\/marouti.ma\/index.php\/wp-json\/wp\/v2\/product\/17637\/revisions"}],"predecessor-version":[{"id":17640,"href":"https:\/\/marouti.ma\/index.php\/wp-json\/wp\/v2\/product\/17637\/revisions\/17640"}],"wp:featuredmedia":[{"embeddable":true,"href":"https:\/\/marouti.ma\/index.php\/wp-json\/wp\/v2\/media\/17639"}],"wp:attachment":[{"href":"https:\/\/marouti.ma\/index.php\/wp-json\/wp\/v2\/media?parent=17637"}],"wp:term":[{"taxonomy":"product_cat","embeddable":true,"href":"https:\/\/marouti.ma\/index.php\/wp-json\/wp\/v2\/product_cat?post=17637"},{"taxonomy":"product_tag","embeddable":true,"href":"https:\/\/marouti.ma\/index.php\/wp-json\/wp\/v2\/product_tag?post=17637"}],"curies":[{"name":"wp","href":"https:\/\/api.w.org\/{rel}","templated":true}]}}