{"id":17632,"date":"2024-12-17T14:18:40","date_gmt":"2024-12-17T14:18:40","guid":{"rendered":"https:\/\/marouti.ma\/?post_type=product&#038;p=17632"},"modified":"2024-12-17T14:18:43","modified_gmt":"2024-12-17T14:18:43","slug":"evier-en-acier-inoxydable-sans-trou-noir-5045-cm","status":"publish","type":"product","link":"https:\/\/marouti.ma\/index.php\/product\/evier-en-acier-inoxydable-sans-trou-noir-5045-cm\/","title":{"rendered":"EVIER EN ACIER INOXYDABLE SANS TROU NOIR 50*45 CM"},"content":{"rendered":"<ul>\n<li>L&rsquo;\u00e9vier en acier inoxydable noir mat sous forme rectangulaire \u00e0 une cuve<\/li>\n<li>L&rsquo;\u00e9vier est install\u00e9 de mani\u00e8re encastr\u00e9 ou pos\u00e9 dans un plan de travail<\/li>\n<li>L&rsquo;\u00e9vier de cuisine moderne et \u00e9l\u00e9gant. Il est fabriqu\u00e9 \u00e0 partir d&rsquo;un mat\u00e9riau composite de granit, ce qui lui conf\u00e8re une apparence lisse et non poreuse, facile \u00e0 nettoyer.<\/li>\n<\/ul>\n","protected":false},"excerpt":{"rendered":"<p>L&rsquo;\u00e9vier en acier inoxydable noir mat sous forme rectangulaire \u00e0 une cuve L&rsquo;\u00e9vier est install\u00e9 de mani\u00e8re encastr\u00e9 ou pos\u00e9<\/p>\n","protected":false},"featured_media":17633,"comment_status":"open","ping_status":"closed","template":"","meta":{"_themeisle_gutenberg_block_has_review":false,"_joinchat":[]},"product_cat":[565],"product_tag":[],"_links":{"self":[{"href":"https:\/\/marouti.ma\/index.php\/wp-json\/wp\/v2\/product\/17632"}],"collection":[{"href":"https:\/\/marouti.ma\/index.php\/wp-json\/wp\/v2\/product"}],"about":[{"href":"https:\/\/marouti.ma\/index.php\/wp-json\/wp\/v2\/types\/product"}],"replies":[{"embeddable":true,"href":"https:\/\/marouti.ma\/index.php\/wp-json\/wp\/v2\/comments?post=17632"}],"version-history":[{"count":1,"href":"https:\/\/marouti.ma\/index.php\/wp-json\/wp\/v2\/product\/17632\/revisions"}],"predecessor-version":[{"id":17636,"href":"https:\/\/marouti.ma\/index.php\/wp-json\/wp\/v2\/product\/17632\/revisions\/17636"}],"wp:featuredmedia":[{"embeddable":true,"href":"https:\/\/marouti.ma\/index.php\/wp-json\/wp\/v2\/media\/17633"}],"wp:attachment":[{"href":"https:\/\/marouti.ma\/index.php\/wp-json\/wp\/v2\/media?parent=17632"}],"wp:term":[{"taxonomy":"product_cat","embeddable":true,"href":"https:\/\/marouti.ma\/index.php\/wp-json\/wp\/v2\/product_cat?post=17632"},{"taxonomy":"product_tag","embeddable":true,"href":"https:\/\/marouti.ma\/index.php\/wp-json\/wp\/v2\/product_tag?post=17632"}],"curies":[{"name":"wp","href":"https:\/\/api.w.org\/{rel}","templated":true}]}}