{"id":17626,"date":"2024-12-17T12:33:54","date_gmt":"2024-12-17T12:33:54","guid":{"rendered":"https:\/\/marouti.ma\/?post_type=product&#038;p=17626"},"modified":"2024-12-17T12:34:05","modified_gmt":"2024-12-17T12:34:05","slug":"evier-en-acier-inoxydable-1-bac-504522-cm","status":"publish","type":"product","link":"https:\/\/marouti.ma\/index.php\/product\/evier-en-acier-inoxydable-1-bac-504522-cm\/","title":{"rendered":"EVIER EN ACIER  INOXYDABLE 1 BAC 50*45*22 CM"},"content":{"rendered":"<ul>\n<li>\u00e9vier de cuisine en acier inoxydable , il est encastr\u00e9 dans un plan de travail ,<\/li>\n<li>\u00e9vier est simple avec un seul bac rectangulaire ,<\/li>\n<li>l&rsquo;\u00e9vier peut avoir une finition bross\u00e9e ou miroir ,<\/li>\n<\/ul>\n","protected":false},"excerpt":{"rendered":"<p>\u00e9vier de cuisine en acier inoxydable , il est encastr\u00e9 dans un plan de travail , \u00e9vier est simple avec<\/p>\n","protected":false},"featured_media":17629,"comment_status":"open","ping_status":"closed","template":"","meta":{"_themeisle_gutenberg_block_has_review":false,"_joinchat":[]},"product_cat":[565],"product_tag":[],"_links":{"self":[{"href":"https:\/\/marouti.ma\/index.php\/wp-json\/wp\/v2\/product\/17626"}],"collection":[{"href":"https:\/\/marouti.ma\/index.php\/wp-json\/wp\/v2\/product"}],"about":[{"href":"https:\/\/marouti.ma\/index.php\/wp-json\/wp\/v2\/types\/product"}],"replies":[{"embeddable":true,"href":"https:\/\/marouti.ma\/index.php\/wp-json\/wp\/v2\/comments?post=17626"}],"version-history":[{"count":2,"href":"https:\/\/marouti.ma\/index.php\/wp-json\/wp\/v2\/product\/17626\/revisions"}],"predecessor-version":[{"id":17631,"href":"https:\/\/marouti.ma\/index.php\/wp-json\/wp\/v2\/product\/17626\/revisions\/17631"}],"wp:featuredmedia":[{"embeddable":true,"href":"https:\/\/marouti.ma\/index.php\/wp-json\/wp\/v2\/media\/17629"}],"wp:attachment":[{"href":"https:\/\/marouti.ma\/index.php\/wp-json\/wp\/v2\/media?parent=17626"}],"wp:term":[{"taxonomy":"product_cat","embeddable":true,"href":"https:\/\/marouti.ma\/index.php\/wp-json\/wp\/v2\/product_cat?post=17626"},{"taxonomy":"product_tag","embeddable":true,"href":"https:\/\/marouti.ma\/index.php\/wp-json\/wp\/v2\/product_tag?post=17626"}],"curies":[{"name":"wp","href":"https:\/\/api.w.org\/{rel}","templated":true}]}}