{"id":17624,"date":"2024-12-17T11:55:58","date_gmt":"2024-12-17T11:55:58","guid":{"rendered":"https:\/\/marouti.ma\/?post_type=product&#038;p=17624"},"modified":"2024-12-17T11:56:04","modified_gmt":"2024-12-17T11:56:04","slug":"evier-de-cuisine-en-acier-inoxydable-2-bacs-75-x-50-cm-double-evier-avec-bonde-et-bonde","status":"publish","type":"product","link":"https:\/\/marouti.ma\/index.php\/product\/evier-de-cuisine-en-acier-inoxydable-2-bacs-75-x-50-cm-double-evier-avec-bonde-et-bonde\/","title":{"rendered":"\u00c9vier de cuisine en acier inoxydable &#8211; 2 bacs &#8211; 75 x 50 cm &#8211; Double \u00e9vier avec bonde et bonde"},"content":{"rendered":"<ul class=\"a-unordered-list a-vertical a-spacing-mini\">\n<li class=\"a-spacing-mini\"><span class=\"a-list-item\">\u00c9vier en acier inoxydable 201 de qualit\u00e9 sup\u00e9rieure, excellente r\u00e9sistance \u00e0 la corrosion, mat\u00e9riau sans plomb et hygi\u00e9nique<\/span><\/li>\n<li class=\"a-spacing-mini\"><span class=\"a-list-item\">T\u00f4le d&rsquo;acier inoxydable, structure stable et r\u00e9sistante aux taches m\u00eame apr\u00e8s des ann\u00e9es d&rsquo;utilisation, facile \u00e0 nettoyer<\/span><\/li>\n<li class=\"a-spacing-mini\"><span class=\"a-list-item\">Sous-couche anti-condensation pour maintenir la temp\u00e9rature et \u00e9viter la condensation nocive de l&rsquo;eau. Le syst\u00e8me de drainage \u00e0 l&rsquo;arri\u00e8re permet d&rsquo;\u00e9conomiser plus d&rsquo;espace pour le stockage<\/span><\/li>\n<li class=\"a-spacing-mini\"><span class=\"a-list-item\">\u00a0Rembourrez le bol pour l&rsquo;absorption acoustique et la protection contre les vibrations. les d\u00e9chets de tamis sont inclus pour \u00e9viter le colmatage ind\u00e9sirable des corps \u00e9trangers. \u00c9vier de cuisine rectangulaire adapt\u00e9 pour la cuisine et le linge<\/span><\/li>\n<li class=\"a-spacing-mini\"><span class=\"a-list-item\">Montage par le haut ou en drop-in, 3 types d&rsquo;installation pour assurer une grande flexibilit\u00e9 et cr\u00e9er un look chic et moderne pour votre maison<\/span><\/li>\n<\/ul>\n","protected":false},"excerpt":{"rendered":"<p>\u00c9vier en acier inoxydable 201 de qualit\u00e9 sup\u00e9rieure, excellente r\u00e9sistance \u00e0 la corrosion, mat\u00e9riau sans plomb et hygi\u00e9nique T\u00f4le d&rsquo;acier<\/p>\n","protected":false},"featured_media":17622,"comment_status":"open","ping_status":"closed","template":"","meta":{"_themeisle_gutenberg_block_has_review":false,"_joinchat":[]},"product_cat":[565],"product_tag":[],"_links":{"self":[{"href":"https:\/\/marouti.ma\/index.php\/wp-json\/wp\/v2\/product\/17624"}],"collection":[{"href":"https:\/\/marouti.ma\/index.php\/wp-json\/wp\/v2\/product"}],"about":[{"href":"https:\/\/marouti.ma\/index.php\/wp-json\/wp\/v2\/types\/product"}],"replies":[{"embeddable":true,"href":"https:\/\/marouti.ma\/index.php\/wp-json\/wp\/v2\/comments?post=17624"}],"version-history":[{"count":1,"href":"https:\/\/marouti.ma\/index.php\/wp-json\/wp\/v2\/product\/17624\/revisions"}],"predecessor-version":[{"id":17625,"href":"https:\/\/marouti.ma\/index.php\/wp-json\/wp\/v2\/product\/17624\/revisions\/17625"}],"wp:featuredmedia":[{"embeddable":true,"href":"https:\/\/marouti.ma\/index.php\/wp-json\/wp\/v2\/media\/17622"}],"wp:attachment":[{"href":"https:\/\/marouti.ma\/index.php\/wp-json\/wp\/v2\/media?parent=17624"}],"wp:term":[{"taxonomy":"product_cat","embeddable":true,"href":"https:\/\/marouti.ma\/index.php\/wp-json\/wp\/v2\/product_cat?post=17624"},{"taxonomy":"product_tag","embeddable":true,"href":"https:\/\/marouti.ma\/index.php\/wp-json\/wp\/v2\/product_tag?post=17624"}],"curies":[{"name":"wp","href":"https:\/\/api.w.org\/{rel}","templated":true}]}}