{"id":17609,"date":"2024-12-17T10:45:44","date_gmt":"2024-12-17T10:45:44","guid":{"rendered":"https:\/\/marouti.ma\/?post_type=product&#038;p=17609"},"modified":"2024-12-17T10:45:50","modified_gmt":"2024-12-17T10:45:50","slug":"evier-cuisine-1-bac-60-x-45-cm-evier-inox-avec-filtre-de-vidange-evier-sous-plan-ou-evier-a-poser-dore","status":"publish","type":"product","link":"https:\/\/marouti.ma\/index.php\/product\/evier-cuisine-1-bac-60-x-45-cm-evier-inox-avec-filtre-de-vidange-evier-sous-plan-ou-evier-a-poser-dore\/","title":{"rendered":"Evier Cuisine 1 Bac 60 x 45 cm, Evier Inox avec Filtre de Vidange, Evier sous Plan ou Evier \u00e0 Poser, DORE"},"content":{"rendered":"<ul class=\"a-unordered-list a-vertical a-spacing-mini\">\n<li class=\"a-spacing-mini\"><span class=\"a-list-item\">Evier cuisine 1 bac est \u00e9quip\u00e9 d&rsquo;un ensemble de vidange d&rsquo;\u00e9vier, comprenant une cr\u00e9pine d&rsquo;\u00e9vier, un tuyau de filtre \u00e0 eau et un siphon.<\/span><\/li>\n<li class=\"a-spacing-mini\"><span class=\"a-list-item\">\u00a0L&rsquo;\u00e9vier de cuisine est fabriqu\u00e9 en acier inoxydable de haute qualit\u00e9 et la surface est galvanis\u00e9e, r\u00e9sistant \u00e0 l&rsquo;usure et \u00e0 la corrosion.<\/span><\/li>\n<li class=\"a-spacing-mini\"><span class=\"a-list-item\">\u00a0La surface de l&rsquo;\u00e9vier de galvanoplastie est douce et r\u00e9sistante \u00e0 la salet\u00e9, et il suffit de l&rsquo;essuyer avec un chiffon pour restaurer le nettoyage et l&rsquo;ordre.<\/span><\/li>\n<li>L&rsquo;\u00e9vier de cuisine dor\u00e9 , une finition brillante et \u00e9l\u00e9gante<\/li>\n<li>L&rsquo;\u00e9vier encastr\u00e9 dans un plan de travail offrant une apparence int\u00e9gr\u00e9e et moderne ,<\/li>\n<\/ul>\n","protected":false},"excerpt":{"rendered":"<p>Evier cuisine 1 bac est \u00e9quip\u00e9 d&rsquo;un ensemble de vidange d&rsquo;\u00e9vier, comprenant une cr\u00e9pine d&rsquo;\u00e9vier, un tuyau de filtre \u00e0<\/p>\n","protected":false},"featured_media":17611,"comment_status":"open","ping_status":"closed","template":"","meta":{"_themeisle_gutenberg_block_has_review":false,"_joinchat":[]},"product_cat":[565],"product_tag":[],"_links":{"self":[{"href":"https:\/\/marouti.ma\/index.php\/wp-json\/wp\/v2\/product\/17609"}],"collection":[{"href":"https:\/\/marouti.ma\/index.php\/wp-json\/wp\/v2\/product"}],"about":[{"href":"https:\/\/marouti.ma\/index.php\/wp-json\/wp\/v2\/types\/product"}],"replies":[{"embeddable":true,"href":"https:\/\/marouti.ma\/index.php\/wp-json\/wp\/v2\/comments?post=17609"}],"version-history":[{"count":1,"href":"https:\/\/marouti.ma\/index.php\/wp-json\/wp\/v2\/product\/17609\/revisions"}],"predecessor-version":[{"id":17614,"href":"https:\/\/marouti.ma\/index.php\/wp-json\/wp\/v2\/product\/17609\/revisions\/17614"}],"wp:featuredmedia":[{"embeddable":true,"href":"https:\/\/marouti.ma\/index.php\/wp-json\/wp\/v2\/media\/17611"}],"wp:attachment":[{"href":"https:\/\/marouti.ma\/index.php\/wp-json\/wp\/v2\/media?parent=17609"}],"wp:term":[{"taxonomy":"product_cat","embeddable":true,"href":"https:\/\/marouti.ma\/index.php\/wp-json\/wp\/v2\/product_cat?post=17609"},{"taxonomy":"product_tag","embeddable":true,"href":"https:\/\/marouti.ma\/index.php\/wp-json\/wp\/v2\/product_tag?post=17609"}],"curies":[{"name":"wp","href":"https:\/\/api.w.org\/{rel}","templated":true}]}}