{"id":17604,"date":"2024-12-17T09:45:03","date_gmt":"2024-12-17T09:45:03","guid":{"rendered":"https:\/\/marouti.ma\/?post_type=product&#038;p=17604"},"modified":"2024-12-17T09:45:13","modified_gmt":"2024-12-17T09:45:13","slug":"evier-cuisine-1-bac-50-x-45-cm-evier-inox-avec-filtre-de-vidange-evier-a-poser-avec-trous-pour-robinets-et-distributeurs-de-savon-noir","status":"publish","type":"product","link":"https:\/\/marouti.ma\/index.php\/product\/evier-cuisine-1-bac-50-x-45-cm-evier-inox-avec-filtre-de-vidange-evier-a-poser-avec-trous-pour-robinets-et-distributeurs-de-savon-noir\/","title":{"rendered":"Evier Cuisine 1 Bac 50 x 45 cm, Evier Inox avec Filtre de Vidange, Evier \u00e0 Poser avec Trous pour Robinets et Distributeurs de Savon, Noir"},"content":{"rendered":"<ul class=\"a-unordered-list a-vertical a-spacing-mini\">\n<li class=\"a-spacing-mini\"><span class=\"a-list-item\">Evier cuisine 1 bac est \u00e9quip\u00e9 d&rsquo;un ensemble de vidange d&rsquo;\u00e9vier, comprenant une cr\u00e9pine d&rsquo;\u00e9vier, un tuyau de filtre \u00e0 eau et un siphon.<\/span><\/li>\n<li class=\"a-spacing-mini\"><span class=\"a-list-item\">\u00a0L&rsquo;\u00e9vier de cuisine est fabriqu\u00e9 en acier inoxydable de haute qualit\u00e9 et la surface est galvanis\u00e9e, r\u00e9sistant \u00e0 l&rsquo;usure et \u00e0 la corrosion.<\/span><\/li>\n<li class=\"a-spacing-mini\"><span class=\"a-list-item\">\u00a0La surface de l&rsquo;\u00e9vier de galvanoplastie est douce et r\u00e9sistante \u00e0 la salet\u00e9, et il suffit de l&rsquo;essuyer avec un chiffon pour restaurer le nettoyage et l&rsquo;ordre.<\/span><\/li>\n<\/ul>\n","protected":false},"excerpt":{"rendered":"<p>Evier cuisine 1 bac est \u00e9quip\u00e9 d&rsquo;un ensemble de vidange d&rsquo;\u00e9vier, comprenant une cr\u00e9pine d&rsquo;\u00e9vier, un tuyau de filtre \u00e0<\/p>\n","protected":false},"featured_media":17607,"comment_status":"open","ping_status":"closed","template":"","meta":{"_themeisle_gutenberg_block_has_review":false,"_joinchat":[]},"product_cat":[565],"product_tag":[],"_links":{"self":[{"href":"https:\/\/marouti.ma\/index.php\/wp-json\/wp\/v2\/product\/17604"}],"collection":[{"href":"https:\/\/marouti.ma\/index.php\/wp-json\/wp\/v2\/product"}],"about":[{"href":"https:\/\/marouti.ma\/index.php\/wp-json\/wp\/v2\/types\/product"}],"replies":[{"embeddable":true,"href":"https:\/\/marouti.ma\/index.php\/wp-json\/wp\/v2\/comments?post=17604"}],"version-history":[{"count":1,"href":"https:\/\/marouti.ma\/index.php\/wp-json\/wp\/v2\/product\/17604\/revisions"}],"predecessor-version":[{"id":17608,"href":"https:\/\/marouti.ma\/index.php\/wp-json\/wp\/v2\/product\/17604\/revisions\/17608"}],"wp:featuredmedia":[{"embeddable":true,"href":"https:\/\/marouti.ma\/index.php\/wp-json\/wp\/v2\/media\/17607"}],"wp:attachment":[{"href":"https:\/\/marouti.ma\/index.php\/wp-json\/wp\/v2\/media?parent=17604"}],"wp:term":[{"taxonomy":"product_cat","embeddable":true,"href":"https:\/\/marouti.ma\/index.php\/wp-json\/wp\/v2\/product_cat?post=17604"},{"taxonomy":"product_tag","embeddable":true,"href":"https:\/\/marouti.ma\/index.php\/wp-json\/wp\/v2\/product_tag?post=17604"}],"curies":[{"name":"wp","href":"https:\/\/api.w.org\/{rel}","templated":true}]}}