{"id":17595,"date":"2024-12-16T17:19:09","date_gmt":"2024-12-16T17:19:09","guid":{"rendered":"https:\/\/marouti.ma\/?post_type=product&#038;p=17595"},"modified":"2024-12-17T09:27:20","modified_gmt":"2024-12-17T09:27:20","slug":"evier-de-cuisine-encastrable-de-5045-cm-evier-de-cuisine-en-acier-inoxydable-bol-simple-229-cm-de-profondeur","status":"publish","type":"product","link":"https:\/\/marouti.ma\/index.php\/product\/evier-de-cuisine-encastrable-de-5045-cm-evier-de-cuisine-en-acier-inoxydable-bol-simple-229-cm-de-profondeur\/","title":{"rendered":"\u00c9vier de cuisine encastrable de 50*45 cm, \u00e9vier de cuisine en acier inoxydable, bol simple, 22,9 cm de profondeur"},"content":{"rendered":"<ul class=\"a-unordered-list a-vertical a-spacing-mini\">\n<li class=\"a-spacing-mini\"><span class=\"a-list-item\">Construction incassable : l&rsquo;\u00e9vier de cuisine encastrable sur le dessus est fabriqu\u00e9 en acier inoxydable T304 de calibre 18 pour plus de durabilit\u00e9 et de r\u00e9sistance. Il est antirouille et anti-corrosion, tr\u00e8s durable dans votre cuisine bien remplie<\/span><\/li>\n<li class=\"a-spacing-mini\"><span class=\"a-list-item\">\u00c9vier de cuisine \u00e0 amortissement sonore : pour cr\u00e9er un environnement de cuisine plus calme, nous avons ajout\u00e9 un sous-rev\u00eatement absorbant le son et des coussinets en caoutchouc amortissant le son au fond de l&rsquo;\u00e9vier pour r\u00e9duire le bruit et les vibrations, tout en emp\u00eachant l&rsquo;accumulation d&rsquo;humidit\u00e9, gardant les armoires s\u00e8ches et propres<\/span><\/li>\n<li class=\"a-spacing-mini\"><span class=\"a-list-item\">Fabriqu\u00e9 \u00e0 la main par des artisans qualifi\u00e9s : le fond est l\u00e9g\u00e8rement inclin\u00e9 pour emp\u00eacher l&rsquo;eau de rester dans le bol. Rainures en X faciles \u00e0 drainer. L&rsquo;ouverture de vidange de 8,9 cm correspond \u00e0 l&rsquo;unit\u00e9 d&rsquo;\u00e9limination des d\u00e9chets standard aux \u00c9tats-Unis. \u00c9vier avec coins arrondis R10 pour un nettoyage et un entretien faciles<\/span><\/li>\n<li class=\"a-spacing-mini\"><span class=\"a-list-item\">Dimensions de l&rsquo;\u00e9vier : 50 cm (L x l x P) : 50 x 45 x 22,9 cm (L x l x P).\u00a0 Profondeur du bol : 22,9 cm. \u00c9vier profond \u00e0 cuve unique pour contenir les \u00e9claboussures et s&rsquo;adapter \u00e0 vos casseroles et piles de plats les plus hauts<\/span><\/li>\n<\/ul>\n","protected":false},"excerpt":{"rendered":"<p>Construction incassable : l&rsquo;\u00e9vier de cuisine encastrable sur le dessus est fabriqu\u00e9 en acier inoxydable T304 de calibre 18 pour<\/p>\n","protected":false},"featured_media":17596,"comment_status":"open","ping_status":"closed","template":"","meta":{"_themeisle_gutenberg_block_has_review":false,"_joinchat":[]},"product_cat":[565],"product_tag":[],"_links":{"self":[{"href":"https:\/\/marouti.ma\/index.php\/wp-json\/wp\/v2\/product\/17595"}],"collection":[{"href":"https:\/\/marouti.ma\/index.php\/wp-json\/wp\/v2\/product"}],"about":[{"href":"https:\/\/marouti.ma\/index.php\/wp-json\/wp\/v2\/types\/product"}],"replies":[{"embeddable":true,"href":"https:\/\/marouti.ma\/index.php\/wp-json\/wp\/v2\/comments?post=17595"}],"version-history":[{"count":1,"href":"https:\/\/marouti.ma\/index.php\/wp-json\/wp\/v2\/product\/17595\/revisions"}],"predecessor-version":[{"id":17602,"href":"https:\/\/marouti.ma\/index.php\/wp-json\/wp\/v2\/product\/17595\/revisions\/17602"}],"wp:featuredmedia":[{"embeddable":true,"href":"https:\/\/marouti.ma\/index.php\/wp-json\/wp\/v2\/media\/17596"}],"wp:attachment":[{"href":"https:\/\/marouti.ma\/index.php\/wp-json\/wp\/v2\/media?parent=17595"}],"wp:term":[{"taxonomy":"product_cat","embeddable":true,"href":"https:\/\/marouti.ma\/index.php\/wp-json\/wp\/v2\/product_cat?post=17595"},{"taxonomy":"product_tag","embeddable":true,"href":"https:\/\/marouti.ma\/index.php\/wp-json\/wp\/v2\/product_tag?post=17595"}],"curies":[{"name":"wp","href":"https:\/\/api.w.org\/{rel}","templated":true}]}}