{"id":17571,"date":"2024-03-28T11:08:17","date_gmt":"2024-03-28T11:08:17","guid":{"rendered":"https:\/\/marouti.ma\/?post_type=product&#038;p=17571"},"modified":"2024-12-19T08:55:33","modified_gmt":"2024-12-19T08:55:33","slug":"vasque-encastrable-blanche","status":"publish","type":"product","link":"https:\/\/marouti.ma\/index.php\/product\/vasque-encastrable-blanche\/","title":{"rendered":"Vasque Encastrable Blanche"},"content":{"rendered":"<ul>\n<li>Le lavabo semble etre en c\u00e9ramique , un mat\u00e9riau classique et r\u00e9sistant pour les salles de bain<\/li>\n<li>Le lavabo est de forme rectangulaire , simple et \u00e9pur\u00e9e , ses lignes droites et ses angles arrondis cr\u00e9ent un \u00e9quilibre visuel agr\u00e9able<\/li>\n<li>Dimension : 800*480*220mm<\/li>\n<\/ul>\n","protected":false},"excerpt":{"rendered":"<p>Le lavabo semble etre en c\u00e9ramique , un mat\u00e9riau classique et r\u00e9sistant pour les salles de bain Le lavabo est<\/p>\n","protected":false},"featured_media":17572,"comment_status":"open","ping_status":"closed","template":"","meta":{"_themeisle_gutenberg_block_has_review":false,"_joinchat":[]},"product_cat":[589],"product_tag":[],"_links":{"self":[{"href":"https:\/\/marouti.ma\/index.php\/wp-json\/wp\/v2\/product\/17571"}],"collection":[{"href":"https:\/\/marouti.ma\/index.php\/wp-json\/wp\/v2\/product"}],"about":[{"href":"https:\/\/marouti.ma\/index.php\/wp-json\/wp\/v2\/types\/product"}],"replies":[{"embeddable":true,"href":"https:\/\/marouti.ma\/index.php\/wp-json\/wp\/v2\/comments?post=17571"}],"version-history":[{"count":3,"href":"https:\/\/marouti.ma\/index.php\/wp-json\/wp\/v2\/product\/17571\/revisions"}],"predecessor-version":[{"id":17660,"href":"https:\/\/marouti.ma\/index.php\/wp-json\/wp\/v2\/product\/17571\/revisions\/17660"}],"wp:featuredmedia":[{"embeddable":true,"href":"https:\/\/marouti.ma\/index.php\/wp-json\/wp\/v2\/media\/17572"}],"wp:attachment":[{"href":"https:\/\/marouti.ma\/index.php\/wp-json\/wp\/v2\/media?parent=17571"}],"wp:term":[{"taxonomy":"product_cat","embeddable":true,"href":"https:\/\/marouti.ma\/index.php\/wp-json\/wp\/v2\/product_cat?post=17571"},{"taxonomy":"product_tag","embeddable":true,"href":"https:\/\/marouti.ma\/index.php\/wp-json\/wp\/v2\/product_tag?post=17571"}],"curies":[{"name":"wp","href":"https:\/\/api.w.org\/{rel}","templated":true}]}}