{"id":17558,"date":"2024-03-26T11:24:07","date_gmt":"2024-03-26T11:24:07","guid":{"rendered":"https:\/\/marouti.ma\/?post_type=product&#038;p=17558"},"modified":"2024-12-19T10:15:14","modified_gmt":"2024-12-19T10:15:14","slug":"vasque-suspendue-5","status":"publish","type":"product","link":"https:\/\/marouti.ma\/index.php\/product\/vasque-suspendue-5\/","title":{"rendered":"Vasque Suspendue"},"content":{"rendered":"<ul>\n<li>Le lavabo a une forme semi-circulaire, ce qui lui conf\u00e8re un aspect arrondi et doux.<\/li>\n<li>Le lavabo semble \u00eatre en c\u00e9ramique, un mat\u00e9riau tr\u00e8s courant pour les lavabos en raison de sa durabilit\u00e9 et de sa facilit\u00e9 d&rsquo;entretien.<\/li>\n<li>Le lavabo est blanc, une couleur classique et intemporelle qui s&rsquo;harmonise avec de nombreux styles de d\u00e9coration.<\/li>\n<li>Dimensions : 530*440*390mm<\/li>\n<\/ul>\n","protected":false},"excerpt":{"rendered":"<p>Le lavabo a une forme semi-circulaire, ce qui lui conf\u00e8re un aspect arrondi et doux. Le lavabo semble \u00eatre en<\/p>\n","protected":false},"featured_media":17562,"comment_status":"open","ping_status":"closed","template":"","meta":{"_themeisle_gutenberg_block_has_review":false,"_joinchat":[]},"product_cat":[585],"product_tag":[],"_links":{"self":[{"href":"https:\/\/marouti.ma\/index.php\/wp-json\/wp\/v2\/product\/17558"}],"collection":[{"href":"https:\/\/marouti.ma\/index.php\/wp-json\/wp\/v2\/product"}],"about":[{"href":"https:\/\/marouti.ma\/index.php\/wp-json\/wp\/v2\/types\/product"}],"replies":[{"embeddable":true,"href":"https:\/\/marouti.ma\/index.php\/wp-json\/wp\/v2\/comments?post=17558"}],"version-history":[{"count":3,"href":"https:\/\/marouti.ma\/index.php\/wp-json\/wp\/v2\/product\/17558\/revisions"}],"predecessor-version":[{"id":17667,"href":"https:\/\/marouti.ma\/index.php\/wp-json\/wp\/v2\/product\/17558\/revisions\/17667"}],"wp:featuredmedia":[{"embeddable":true,"href":"https:\/\/marouti.ma\/index.php\/wp-json\/wp\/v2\/media\/17562"}],"wp:attachment":[{"href":"https:\/\/marouti.ma\/index.php\/wp-json\/wp\/v2\/media?parent=17558"}],"wp:term":[{"taxonomy":"product_cat","embeddable":true,"href":"https:\/\/marouti.ma\/index.php\/wp-json\/wp\/v2\/product_cat?post=17558"},{"taxonomy":"product_tag","embeddable":true,"href":"https:\/\/marouti.ma\/index.php\/wp-json\/wp\/v2\/product_tag?post=17558"}],"curies":[{"name":"wp","href":"https:\/\/api.w.org\/{rel}","templated":true}]}}