{"id":17555,"date":"2024-03-26T11:43:49","date_gmt":"2024-03-26T11:43:49","guid":{"rendered":"https:\/\/marouti.ma\/?post_type=product&#038;p=17555"},"modified":"2024-12-19T09:42:43","modified_gmt":"2024-12-19T09:42:43","slug":"vasque-coin","status":"publish","type":"product","link":"https:\/\/marouti.ma\/index.php\/product\/vasque-coin\/","title":{"rendered":"Vasque Coin"},"content":{"rendered":"<ul>\n<li>Le lavabo d&rsquo;angle est blanc et poss\u00e8de un robinet chrom\u00e9 dans une salle de bain<\/li>\n<li>Le lavabo est fix\u00e9 au mur et un tuyau de vidange est visible au dessous<\/li>\n<li>Dimensions : 375*350*135mm<\/li>\n<\/ul>\n","protected":false},"excerpt":{"rendered":"<p>Le lavabo d&rsquo;angle est blanc et poss\u00e8de un robinet chrom\u00e9 dans une salle de bain Le lavabo est fix\u00e9 au<\/p>\n","protected":false},"featured_media":17565,"comment_status":"open","ping_status":"closed","template":"","meta":{"_themeisle_gutenberg_block_has_review":false,"_joinchat":[]},"product_cat":[585],"product_tag":[],"_links":{"self":[{"href":"https:\/\/marouti.ma\/index.php\/wp-json\/wp\/v2\/product\/17555"}],"collection":[{"href":"https:\/\/marouti.ma\/index.php\/wp-json\/wp\/v2\/product"}],"about":[{"href":"https:\/\/marouti.ma\/index.php\/wp-json\/wp\/v2\/types\/product"}],"replies":[{"embeddable":true,"href":"https:\/\/marouti.ma\/index.php\/wp-json\/wp\/v2\/comments?post=17555"}],"version-history":[{"count":3,"href":"https:\/\/marouti.ma\/index.php\/wp-json\/wp\/v2\/product\/17555\/revisions"}],"predecessor-version":[{"id":17664,"href":"https:\/\/marouti.ma\/index.php\/wp-json\/wp\/v2\/product\/17555\/revisions\/17664"}],"wp:featuredmedia":[{"embeddable":true,"href":"https:\/\/marouti.ma\/index.php\/wp-json\/wp\/v2\/media\/17565"}],"wp:attachment":[{"href":"https:\/\/marouti.ma\/index.php\/wp-json\/wp\/v2\/media?parent=17555"}],"wp:term":[{"taxonomy":"product_cat","embeddable":true,"href":"https:\/\/marouti.ma\/index.php\/wp-json\/wp\/v2\/product_cat?post=17555"},{"taxonomy":"product_tag","embeddable":true,"href":"https:\/\/marouti.ma\/index.php\/wp-json\/wp\/v2\/product_tag?post=17555"}],"curies":[{"name":"wp","href":"https:\/\/api.w.org\/{rel}","templated":true}]}}