{"id":17551,"date":"2024-03-25T14:30:06","date_gmt":"2024-03-25T14:30:06","guid":{"rendered":"https:\/\/marouti.ma\/?post_type=product&#038;p=17551"},"modified":"2024-12-19T10:42:41","modified_gmt":"2024-12-19T10:42:41","slug":"lavabo-avec-colonne-2","status":"publish","type":"product","link":"https:\/\/marouti.ma\/index.php\/product\/lavabo-avec-colonne-2\/","title":{"rendered":"Lavabo avec colonne"},"content":{"rendered":"<ul>\n<li>Le lavabo se compose d&rsquo;une cuve pos\u00e9e sur un pied, g\u00e9n\u00e9ralement en c\u00e9ramique<\/li>\n<li>La cuve est de forme ovale et semble \u00eatre en c\u00e9ramique blanche, un mat\u00e9riau tr\u00e8s r\u00e9pandu pour sa durabilit\u00e9 et son aspect hygi\u00e9nique.<\/li>\n<li>Le pied est cylindrique, \u00e9galement en c\u00e9ramique blanche, ce qui assure une unit\u00e9 esth\u00e9tique avec la cuve.<\/li>\n<li>Dimensions: 545*455*840mm<\/li>\n<\/ul>\n","protected":false},"excerpt":{"rendered":"<p>Le lavabo se compose d&rsquo;une cuve pos\u00e9e sur un pied, g\u00e9n\u00e9ralement en c\u00e9ramique La cuve est de forme ovale et<\/p>\n","protected":false},"featured_media":17552,"comment_status":"open","ping_status":"closed","template":"","meta":{"_themeisle_gutenberg_block_has_review":false,"_joinchat":[]},"product_cat":[562],"product_tag":[],"_links":{"self":[{"href":"https:\/\/marouti.ma\/index.php\/wp-json\/wp\/v2\/product\/17551"}],"collection":[{"href":"https:\/\/marouti.ma\/index.php\/wp-json\/wp\/v2\/product"}],"about":[{"href":"https:\/\/marouti.ma\/index.php\/wp-json\/wp\/v2\/types\/product"}],"replies":[{"embeddable":true,"href":"https:\/\/marouti.ma\/index.php\/wp-json\/wp\/v2\/comments?post=17551"}],"version-history":[{"count":3,"href":"https:\/\/marouti.ma\/index.php\/wp-json\/wp\/v2\/product\/17551\/revisions"}],"predecessor-version":[{"id":17669,"href":"https:\/\/marouti.ma\/index.php\/wp-json\/wp\/v2\/product\/17551\/revisions\/17669"}],"wp:featuredmedia":[{"embeddable":true,"href":"https:\/\/marouti.ma\/index.php\/wp-json\/wp\/v2\/media\/17552"}],"wp:attachment":[{"href":"https:\/\/marouti.ma\/index.php\/wp-json\/wp\/v2\/media?parent=17551"}],"wp:term":[{"taxonomy":"product_cat","embeddable":true,"href":"https:\/\/marouti.ma\/index.php\/wp-json\/wp\/v2\/product_cat?post=17551"},{"taxonomy":"product_tag","embeddable":true,"href":"https:\/\/marouti.ma\/index.php\/wp-json\/wp\/v2\/product_tag?post=17551"}],"curies":[{"name":"wp","href":"https:\/\/api.w.org\/{rel}","templated":true}]}}