{"id":17548,"date":"2024-03-25T14:24:30","date_gmt":"2024-03-25T14:24:30","guid":{"rendered":"https:\/\/marouti.ma\/?post_type=product&#038;p=17548"},"modified":"2024-12-19T10:51:56","modified_gmt":"2024-12-19T10:51:56","slug":"lavabo-avec-colonne","status":"publish","type":"product","link":"https:\/\/marouti.ma\/index.php\/product\/lavabo-avec-colonne\/","title":{"rendered":"Lavabo avec colonne"},"content":{"rendered":"<ul>\n<li>un lavabo \u00e0 pied, un \u00e9l\u00e9ment de salle de bain au design classique et \u00e9l\u00e9gant.<\/li>\n<li>La cuve est de forme ovale et semble \u00eatre en c\u00e9ramique blanche, un mat\u00e9riau tr\u00e8s r\u00e9pandu pour sa durabilit\u00e9 et son aspect hygi\u00e9nique.<\/li>\n<li>Le pied est cylindrique, \u00e9galement en c\u00e9ramique blanche, ce qui assure une unit\u00e9 esth\u00e9tique avec la cuve.<\/li>\n<li>Dimensions: 560*470*825mm<\/li>\n<\/ul>\n","protected":false},"excerpt":{"rendered":"<p>un lavabo \u00e0 pied, un \u00e9l\u00e9ment de salle de bain au design classique et \u00e9l\u00e9gant. La cuve est de forme<\/p>\n","protected":false},"featured_media":17559,"comment_status":"open","ping_status":"closed","template":"","meta":{"_themeisle_gutenberg_block_has_review":false,"_joinchat":[]},"product_cat":[562],"product_tag":[],"_links":{"self":[{"href":"https:\/\/marouti.ma\/index.php\/wp-json\/wp\/v2\/product\/17548"}],"collection":[{"href":"https:\/\/marouti.ma\/index.php\/wp-json\/wp\/v2\/product"}],"about":[{"href":"https:\/\/marouti.ma\/index.php\/wp-json\/wp\/v2\/types\/product"}],"replies":[{"embeddable":true,"href":"https:\/\/marouti.ma\/index.php\/wp-json\/wp\/v2\/comments?post=17548"}],"version-history":[{"count":3,"href":"https:\/\/marouti.ma\/index.php\/wp-json\/wp\/v2\/product\/17548\/revisions"}],"predecessor-version":[{"id":17671,"href":"https:\/\/marouti.ma\/index.php\/wp-json\/wp\/v2\/product\/17548\/revisions\/17671"}],"wp:featuredmedia":[{"embeddable":true,"href":"https:\/\/marouti.ma\/index.php\/wp-json\/wp\/v2\/media\/17559"}],"wp:attachment":[{"href":"https:\/\/marouti.ma\/index.php\/wp-json\/wp\/v2\/media?parent=17548"}],"wp:term":[{"taxonomy":"product_cat","embeddable":true,"href":"https:\/\/marouti.ma\/index.php\/wp-json\/wp\/v2\/product_cat?post=17548"},{"taxonomy":"product_tag","embeddable":true,"href":"https:\/\/marouti.ma\/index.php\/wp-json\/wp\/v2\/product_tag?post=17548"}],"curies":[{"name":"wp","href":"https:\/\/api.w.org\/{rel}","templated":true}]}}