{"id":17544,"date":"2024-03-25T14:02:27","date_gmt":"2024-03-25T14:02:27","guid":{"rendered":"https:\/\/marouti.ma\/?post_type=product&#038;p=17544"},"modified":"2024-12-19T11:10:19","modified_gmt":"2024-12-19T11:10:19","slug":"vasque-suspendue-4","status":"publish","type":"product","link":"https:\/\/marouti.ma\/index.php\/product\/vasque-suspendue-4\/","title":{"rendered":"Vasque Suspendue"},"content":{"rendered":"<ul>\n<li>un vasque suspendu, une option de plus en plus populaire dans les salles de bains modernes.<\/li>\n<li>Le vasque a une forme semi-circulaire, ce qui lui conf\u00e8re un aspect doux et arrondi.<\/li>\n<li>Le vasque semble \u00eatre en c\u00e9ramique, un mat\u00e9riau tr\u00e8s courant pour les lavabos en raison de sa durabilit\u00e9 et de sa facilit\u00e9 d&rsquo;entretien.<\/li>\n<li>Le vasque\u00a0 est suspendu au mur, ce qui laisse le sol d\u00e9gag\u00e9 et facilite le nettoyage.<\/li>\n<li>Dimensions : 560*460*380mm<\/li>\n<\/ul>\n","protected":false},"excerpt":{"rendered":"<p>un vasque suspendu, une option de plus en plus populaire dans les salles de bains modernes. Le vasque a une<\/p>\n","protected":false},"featured_media":17546,"comment_status":"open","ping_status":"closed","template":"","meta":{"_themeisle_gutenberg_block_has_review":false,"_joinchat":[]},"product_cat":[585],"product_tag":[],"_links":{"self":[{"href":"https:\/\/marouti.ma\/index.php\/wp-json\/wp\/v2\/product\/17544"}],"collection":[{"href":"https:\/\/marouti.ma\/index.php\/wp-json\/wp\/v2\/product"}],"about":[{"href":"https:\/\/marouti.ma\/index.php\/wp-json\/wp\/v2\/types\/product"}],"replies":[{"embeddable":true,"href":"https:\/\/marouti.ma\/index.php\/wp-json\/wp\/v2\/comments?post=17544"}],"version-history":[{"count":3,"href":"https:\/\/marouti.ma\/index.php\/wp-json\/wp\/v2\/product\/17544\/revisions"}],"predecessor-version":[{"id":17673,"href":"https:\/\/marouti.ma\/index.php\/wp-json\/wp\/v2\/product\/17544\/revisions\/17673"}],"wp:featuredmedia":[{"embeddable":true,"href":"https:\/\/marouti.ma\/index.php\/wp-json\/wp\/v2\/media\/17546"}],"wp:attachment":[{"href":"https:\/\/marouti.ma\/index.php\/wp-json\/wp\/v2\/media?parent=17544"}],"wp:term":[{"taxonomy":"product_cat","embeddable":true,"href":"https:\/\/marouti.ma\/index.php\/wp-json\/wp\/v2\/product_cat?post=17544"},{"taxonomy":"product_tag","embeddable":true,"href":"https:\/\/marouti.ma\/index.php\/wp-json\/wp\/v2\/product_tag?post=17544"}],"curies":[{"name":"wp","href":"https:\/\/api.w.org\/{rel}","templated":true}]}}