{"id":17539,"date":"2024-03-25T13:56:18","date_gmt":"2024-03-25T13:56:18","guid":{"rendered":"https:\/\/marouti.ma\/?post_type=product&#038;p=17539"},"modified":"2024-12-19T15:39:02","modified_gmt":"2024-12-19T15:39:02","slug":"vasque-suspendue-3","status":"publish","type":"product","link":"https:\/\/marouti.ma\/index.php\/product\/vasque-suspendue-3\/","title":{"rendered":"Vasque Suspendue"},"content":{"rendered":"<ul>\n<li>un <strong>lavabo mural en c\u00e9ramique<\/strong> de forme cubique<\/li>\n<li>un vasque est suspendu \u00e0 un mur de couleur vert p\u00e2le<\/li>\n<li>Le lavabo est de couleur blanche et poss\u00e8de un design \u00e9pur\u00e9 et moderne<\/li>\n<li>Dimensions: 420*420*400mm<\/li>\n<\/ul>\n","protected":false},"excerpt":{"rendered":"<p>un lavabo mural en c\u00e9ramique de forme cubique un vasque est suspendu \u00e0 un mur de couleur vert p\u00e2le Le<\/p>\n","protected":false},"featured_media":17542,"comment_status":"open","ping_status":"closed","template":"","meta":{"_themeisle_gutenberg_block_has_review":false,"_joinchat":[]},"product_cat":[585],"product_tag":[],"_links":{"self":[{"href":"https:\/\/marouti.ma\/index.php\/wp-json\/wp\/v2\/product\/17539"}],"collection":[{"href":"https:\/\/marouti.ma\/index.php\/wp-json\/wp\/v2\/product"}],"about":[{"href":"https:\/\/marouti.ma\/index.php\/wp-json\/wp\/v2\/types\/product"}],"replies":[{"embeddable":true,"href":"https:\/\/marouti.ma\/index.php\/wp-json\/wp\/v2\/comments?post=17539"}],"version-history":[{"count":3,"href":"https:\/\/marouti.ma\/index.php\/wp-json\/wp\/v2\/product\/17539\/revisions"}],"predecessor-version":[{"id":17692,"href":"https:\/\/marouti.ma\/index.php\/wp-json\/wp\/v2\/product\/17539\/revisions\/17692"}],"wp:featuredmedia":[{"embeddable":true,"href":"https:\/\/marouti.ma\/index.php\/wp-json\/wp\/v2\/media\/17542"}],"wp:attachment":[{"href":"https:\/\/marouti.ma\/index.php\/wp-json\/wp\/v2\/media?parent=17539"}],"wp:term":[{"taxonomy":"product_cat","embeddable":true,"href":"https:\/\/marouti.ma\/index.php\/wp-json\/wp\/v2\/product_cat?post=17539"},{"taxonomy":"product_tag","embeddable":true,"href":"https:\/\/marouti.ma\/index.php\/wp-json\/wp\/v2\/product_tag?post=17539"}],"curies":[{"name":"wp","href":"https:\/\/api.w.org\/{rel}","templated":true}]}}