{"id":17535,"date":"2024-03-25T13:28:44","date_gmt":"2024-03-25T13:28:44","guid":{"rendered":"https:\/\/marouti.ma\/?post_type=product&#038;p=17535"},"modified":"2024-12-19T11:34:20","modified_gmt":"2024-12-19T11:34:20","slug":"vasque-suspendue","status":"publish","type":"product","link":"https:\/\/marouti.ma\/index.php\/product\/vasque-suspendue\/","title":{"rendered":"Vasque suspendue"},"content":{"rendered":"<ul>\n<li>un vasque\u00a0 suspendu, une option de plus en plus populaire dans les salles de bains modernes.<\/li>\n<li data-sourcepos=\"9:1-9:97\">Le vasque a une forme semi-circulaire, ce qui lui conf\u00e8re un aspect doux et arrondi., il semble \u00eatre en c\u00e9ramique, un mat\u00e9riau tr\u00e8s courant pour les lavabos en raison de sa durabilit\u00e9 et de sa facilit\u00e9 d&rsquo;entretien.<\/li>\n<li>Le vasque\u00a0 se fixe directement au mur, ce qui donne une apparence plus \u00e9pur\u00e9e et contemporaine \u00e0 la salle de bain. Il est souvent choisi pour son design minimaliste et sa facilit\u00e9 d&rsquo;entretien.<\/li>\n<li>Dimensions: 480*430*345mm<\/li>\n<\/ul>\n","protected":false},"excerpt":{"rendered":"<p>un vasque\u00a0 suspendu, une option de plus en plus populaire dans les salles de bains modernes. Le vasque a une<\/p>\n","protected":false},"featured_media":17536,"comment_status":"open","ping_status":"closed","template":"","meta":{"_themeisle_gutenberg_block_has_review":false,"_joinchat":[]},"product_cat":[585],"product_tag":[],"_links":{"self":[{"href":"https:\/\/marouti.ma\/index.php\/wp-json\/wp\/v2\/product\/17535"}],"collection":[{"href":"https:\/\/marouti.ma\/index.php\/wp-json\/wp\/v2\/product"}],"about":[{"href":"https:\/\/marouti.ma\/index.php\/wp-json\/wp\/v2\/types\/product"}],"replies":[{"embeddable":true,"href":"https:\/\/marouti.ma\/index.php\/wp-json\/wp\/v2\/comments?post=17535"}],"version-history":[{"count":3,"href":"https:\/\/marouti.ma\/index.php\/wp-json\/wp\/v2\/product\/17535\/revisions"}],"predecessor-version":[{"id":17678,"href":"https:\/\/marouti.ma\/index.php\/wp-json\/wp\/v2\/product\/17535\/revisions\/17678"}],"wp:featuredmedia":[{"embeddable":true,"href":"https:\/\/marouti.ma\/index.php\/wp-json\/wp\/v2\/media\/17536"}],"wp:attachment":[{"href":"https:\/\/marouti.ma\/index.php\/wp-json\/wp\/v2\/media?parent=17535"}],"wp:term":[{"taxonomy":"product_cat","embeddable":true,"href":"https:\/\/marouti.ma\/index.php\/wp-json\/wp\/v2\/product_cat?post=17535"},{"taxonomy":"product_tag","embeddable":true,"href":"https:\/\/marouti.ma\/index.php\/wp-json\/wp\/v2\/product_tag?post=17535"}],"curies":[{"name":"wp","href":"https:\/\/api.w.org\/{rel}","templated":true}]}}