{"id":17531,"date":"2024-03-25T13:49:17","date_gmt":"2024-03-25T13:49:17","guid":{"rendered":"https:\/\/marouti.ma\/?post_type=product&#038;p=17531"},"modified":"2024-12-19T11:24:00","modified_gmt":"2024-12-19T11:24:00","slug":"vasque-suspendue-2","status":"publish","type":"product","link":"https:\/\/marouti.ma\/index.php\/product\/vasque-suspendue-2\/","title":{"rendered":"Vasque Suspendue"},"content":{"rendered":"<ul>\n<li>Un vasque\u00a0 suspendu de forme carr\u00e9e, un choix moderne et \u00e9l\u00e9gant pour une salle de bain.<\/li>\n<li>Le vasque se fixe directement au mur, ce qui donne une apparence \u00e9pur\u00e9e et contemporaine \u00e0 votre salle de bains<\/li>\n<li data-sourcepos=\"9:1-9:84\">Le vasque\u00a0 est de forme carr\u00e9e, offrant un design \u00e9pur\u00e9 et contemporain , Il semble \u00eatre en c\u00e9ramique, un mat\u00e9riau tr\u00e8s courant pour les lavabos en raison de sa durabilit\u00e9 et de sa facilit\u00e9 d&rsquo;entretien.<\/li>\n<li>Dimensions : 410*430*430mm<\/li>\n<\/ul>\n","protected":false},"excerpt":{"rendered":"<p>Un vasque\u00a0 suspendu de forme carr\u00e9e, un choix moderne et \u00e9l\u00e9gant pour une salle de bain. Le vasque se fixe<\/p>\n","protected":false},"featured_media":17540,"comment_status":"open","ping_status":"closed","template":"","meta":{"_themeisle_gutenberg_block_has_review":false,"_joinchat":[]},"product_cat":[585],"product_tag":[],"_links":{"self":[{"href":"https:\/\/marouti.ma\/index.php\/wp-json\/wp\/v2\/product\/17531"}],"collection":[{"href":"https:\/\/marouti.ma\/index.php\/wp-json\/wp\/v2\/product"}],"about":[{"href":"https:\/\/marouti.ma\/index.php\/wp-json\/wp\/v2\/types\/product"}],"replies":[{"embeddable":true,"href":"https:\/\/marouti.ma\/index.php\/wp-json\/wp\/v2\/comments?post=17531"}],"version-history":[{"count":4,"href":"https:\/\/marouti.ma\/index.php\/wp-json\/wp\/v2\/product\/17531\/revisions"}],"predecessor-version":[{"id":17676,"href":"https:\/\/marouti.ma\/index.php\/wp-json\/wp\/v2\/product\/17531\/revisions\/17676"}],"wp:featuredmedia":[{"embeddable":true,"href":"https:\/\/marouti.ma\/index.php\/wp-json\/wp\/v2\/media\/17540"}],"wp:attachment":[{"href":"https:\/\/marouti.ma\/index.php\/wp-json\/wp\/v2\/media?parent=17531"}],"wp:term":[{"taxonomy":"product_cat","embeddable":true,"href":"https:\/\/marouti.ma\/index.php\/wp-json\/wp\/v2\/product_cat?post=17531"},{"taxonomy":"product_tag","embeddable":true,"href":"https:\/\/marouti.ma\/index.php\/wp-json\/wp\/v2\/product_tag?post=17531"}],"curies":[{"name":"wp","href":"https:\/\/api.w.org\/{rel}","templated":true}]}}