{"id":17523,"date":"2024-03-25T11:16:39","date_gmt":"2024-03-25T11:16:39","guid":{"rendered":"https:\/\/marouti.ma\/?post_type=product&#038;p=17523"},"modified":"2024-12-19T11:41:03","modified_gmt":"2024-12-19T11:41:03","slug":"vasque-blanche-suspendue","status":"publish","type":"product","link":"https:\/\/marouti.ma\/index.php\/product\/vasque-blanche-suspendue\/","title":{"rendered":"Vasque Blanche suspendue"},"content":{"rendered":"<ul>\n<li>Le vasque pr\u00e9sente une forme rectangulaire arrondie aux coins, offrant un design doux et moderne.<\/li>\n<li>Le vasque est fort probable que le lavabo soit en c\u00e9ramique sanitaire, un mat\u00e9riau tr\u00e8s utilis\u00e9 pour les sanitaires gr\u00e2ce \u00e0 sa durabilit\u00e9, sa r\u00e9sistance aux taches et son aspect hygi\u00e9nique.<\/li>\n<li>Le vasque est suspendu au mur, ce qui cr\u00e9e une illusion de l\u00e9g\u00e8ret\u00e9 et facilite le nettoyage du sol.<\/li>\n<li>Dimensions: 530*430*380mm<\/li>\n<\/ul>\n","protected":false},"excerpt":{"rendered":"<p>Le vasque pr\u00e9sente une forme rectangulaire arrondie aux coins, offrant un design doux et moderne. Le vasque est fort probable<\/p>\n","protected":false},"featured_media":17526,"comment_status":"open","ping_status":"closed","template":"","meta":{"_themeisle_gutenberg_block_has_review":false,"_joinchat":[]},"product_cat":[585],"product_tag":[],"_links":{"self":[{"href":"https:\/\/marouti.ma\/index.php\/wp-json\/wp\/v2\/product\/17523"}],"collection":[{"href":"https:\/\/marouti.ma\/index.php\/wp-json\/wp\/v2\/product"}],"about":[{"href":"https:\/\/marouti.ma\/index.php\/wp-json\/wp\/v2\/types\/product"}],"replies":[{"embeddable":true,"href":"https:\/\/marouti.ma\/index.php\/wp-json\/wp\/v2\/comments?post=17523"}],"version-history":[{"count":3,"href":"https:\/\/marouti.ma\/index.php\/wp-json\/wp\/v2\/product\/17523\/revisions"}],"predecessor-version":[{"id":17680,"href":"https:\/\/marouti.ma\/index.php\/wp-json\/wp\/v2\/product\/17523\/revisions\/17680"}],"wp:featuredmedia":[{"embeddable":true,"href":"https:\/\/marouti.ma\/index.php\/wp-json\/wp\/v2\/media\/17526"}],"wp:attachment":[{"href":"https:\/\/marouti.ma\/index.php\/wp-json\/wp\/v2\/media?parent=17523"}],"wp:term":[{"taxonomy":"product_cat","embeddable":true,"href":"https:\/\/marouti.ma\/index.php\/wp-json\/wp\/v2\/product_cat?post=17523"},{"taxonomy":"product_tag","embeddable":true,"href":"https:\/\/marouti.ma\/index.php\/wp-json\/wp\/v2\/product_tag?post=17523"}],"curies":[{"name":"wp","href":"https:\/\/api.w.org\/{rel}","templated":true}]}}