{"id":17518,"date":"2024-03-25T11:04:29","date_gmt":"2024-03-25T11:04:29","guid":{"rendered":"https:\/\/marouti.ma\/?post_type=product&#038;p=17518"},"modified":"2024-12-19T12:28:55","modified_gmt":"2024-12-19T12:28:55","slug":"vasque-suspendue-ronde-blanche","status":"publish","type":"product","link":"https:\/\/marouti.ma\/index.php\/product\/vasque-suspendue-ronde-blanche\/","title":{"rendered":"Vasque suspendue ronde blanche"},"content":{"rendered":"<ul>\n<li>Un vasque\u00a0 suspendu de forme ronde, une option contemporaine et \u00e9l\u00e9gante pour une salle de bain<\/li>\n<li data-sourcepos=\"7:1-7:91\">Le vasque pr\u00e9sente une forme cylindrique, offrant un design doux et organique ,\u00a0 il est fort probable que le lavabo soit en c\u00e9ramique sanitaire, un mat\u00e9riau tr\u00e8s utilis\u00e9 pour les sanitaires gr\u00e2ce \u00e0 sa durabilit\u00e9, sa r\u00e9sistance aux taches et son aspect hygi\u00e9nique.<\/li>\n<li>Le vasque est suspendu au mur, ce qui cr\u00e9e une illusion de l\u00e9g\u00e8ret\u00e9 et facilite le nettoyage du sol.<\/li>\n<li>Dimensions: 450*450*380mm<\/li>\n<\/ul>\n","protected":false},"excerpt":{"rendered":"<p>Un vasque\u00a0 suspendu de forme ronde, une option contemporaine et \u00e9l\u00e9gante pour une salle de bain Le vasque pr\u00e9sente une<\/p>\n","protected":false},"featured_media":17519,"comment_status":"open","ping_status":"closed","template":"","meta":{"_themeisle_gutenberg_block_has_review":false,"_joinchat":[]},"product_cat":[585],"product_tag":[],"_links":{"self":[{"href":"https:\/\/marouti.ma\/index.php\/wp-json\/wp\/v2\/product\/17518"}],"collection":[{"href":"https:\/\/marouti.ma\/index.php\/wp-json\/wp\/v2\/product"}],"about":[{"href":"https:\/\/marouti.ma\/index.php\/wp-json\/wp\/v2\/types\/product"}],"replies":[{"embeddable":true,"href":"https:\/\/marouti.ma\/index.php\/wp-json\/wp\/v2\/comments?post=17518"}],"version-history":[{"count":3,"href":"https:\/\/marouti.ma\/index.php\/wp-json\/wp\/v2\/product\/17518\/revisions"}],"predecessor-version":[{"id":17682,"href":"https:\/\/marouti.ma\/index.php\/wp-json\/wp\/v2\/product\/17518\/revisions\/17682"}],"wp:featuredmedia":[{"embeddable":true,"href":"https:\/\/marouti.ma\/index.php\/wp-json\/wp\/v2\/media\/17519"}],"wp:attachment":[{"href":"https:\/\/marouti.ma\/index.php\/wp-json\/wp\/v2\/media?parent=17518"}],"wp:term":[{"taxonomy":"product_cat","embeddable":true,"href":"https:\/\/marouti.ma\/index.php\/wp-json\/wp\/v2\/product_cat?post=17518"},{"taxonomy":"product_tag","embeddable":true,"href":"https:\/\/marouti.ma\/index.php\/wp-json\/wp\/v2\/product_tag?post=17518"}],"curies":[{"name":"wp","href":"https:\/\/api.w.org\/{rel}","templated":true}]}}