{"id":17515,"date":"2024-03-23T13:04:10","date_gmt":"2024-03-23T13:04:10","guid":{"rendered":"https:\/\/marouti.ma\/?post_type=product&#038;p=17515"},"modified":"2024-12-19T14:22:15","modified_gmt":"2024-12-19T14:22:15","slug":"vasque-a-poser-3","status":"publish","type":"product","link":"https:\/\/marouti.ma\/index.php\/product\/vasque-a-poser-3\/","title":{"rendered":"Vasque \u00e0 poser"},"content":{"rendered":"<ul>\n<li>Un vasque \u00e0 poser de forme ovale, une option \u00e9l\u00e9gante et contemporaine pour une salle de bain.<\/li>\n<li>Le vasque est en c\u00e9ramique sanitaire, un mat\u00e9riau tr\u00e8s utilis\u00e9 pour les sanitaires gr\u00e2ce \u00e0 sa durabilit\u00e9, sa r\u00e9sistance aux taches et son aspect hygi\u00e9nique<\/li>\n<li>Le vasque est pos\u00e9 sur un plan de travail, offrant une grande flexibilit\u00e9 d&rsquo;installation.<\/li>\n<li>Dimensions: 520*320*140mm<\/li>\n<\/ul>\n","protected":false},"excerpt":{"rendered":"<p>Un vasque \u00e0 poser de forme ovale, une option \u00e9l\u00e9gante et contemporaine pour une salle de bain. Le vasque est<\/p>\n","protected":false},"featured_media":17516,"comment_status":"open","ping_status":"closed","template":"","meta":{"_themeisle_gutenberg_block_has_review":false,"_joinchat":[]},"product_cat":[580],"product_tag":[],"_links":{"self":[{"href":"https:\/\/marouti.ma\/index.php\/wp-json\/wp\/v2\/product\/17515"}],"collection":[{"href":"https:\/\/marouti.ma\/index.php\/wp-json\/wp\/v2\/product"}],"about":[{"href":"https:\/\/marouti.ma\/index.php\/wp-json\/wp\/v2\/types\/product"}],"replies":[{"embeddable":true,"href":"https:\/\/marouti.ma\/index.php\/wp-json\/wp\/v2\/comments?post=17515"}],"version-history":[{"count":3,"href":"https:\/\/marouti.ma\/index.php\/wp-json\/wp\/v2\/product\/17515\/revisions"}],"predecessor-version":[{"id":17684,"href":"https:\/\/marouti.ma\/index.php\/wp-json\/wp\/v2\/product\/17515\/revisions\/17684"}],"wp:featuredmedia":[{"embeddable":true,"href":"https:\/\/marouti.ma\/index.php\/wp-json\/wp\/v2\/media\/17516"}],"wp:attachment":[{"href":"https:\/\/marouti.ma\/index.php\/wp-json\/wp\/v2\/media?parent=17515"}],"wp:term":[{"taxonomy":"product_cat","embeddable":true,"href":"https:\/\/marouti.ma\/index.php\/wp-json\/wp\/v2\/product_cat?post=17515"},{"taxonomy":"product_tag","embeddable":true,"href":"https:\/\/marouti.ma\/index.php\/wp-json\/wp\/v2\/product_tag?post=17515"}],"curies":[{"name":"wp","href":"https:\/\/api.w.org\/{rel}","templated":true}]}}