{"id":17507,"date":"2024-03-23T10:19:03","date_gmt":"2024-03-23T10:19:03","guid":{"rendered":"https:\/\/marouti.ma\/?post_type=product&#038;p=17507"},"modified":"2024-12-19T14:55:38","modified_gmt":"2024-12-19T14:55:38","slug":"vasque-blanche-a-poser-de-forme-bol","status":"publish","type":"product","link":"https:\/\/marouti.ma\/index.php\/product\/vasque-blanche-a-poser-de-forme-bol\/","title":{"rendered":"Vasque Blanche \u00e0 poser de forme bol"},"content":{"rendered":"<ul>\n<li>Un\u00a0 vasque\u00a0 \u00e0 poser de forme ronde, une option \u00e9l\u00e9gante et contemporaine pour une salle de bain.<\/li>\n<li>Le vasque\u00a0 est en c\u00e9ramique sanitaire, un mat\u00e9riau tr\u00e8s utilis\u00e9 pour les sanitaires gr\u00e2ce \u00e0 sa durabilit\u00e9, sa r\u00e9sistance aux taches et son aspect hygi\u00e9nique.<\/li>\n<li data-sourcepos=\"9:1-9:136\">Le lavabo est de couleur blanche, une teinte intemporelle et polyvalente qui s&rsquo;adapte \u00e0 de nombreux styles de d\u00e9coration , offrant une grande flexibilit\u00e9 d&rsquo;installation<\/li>\n<li>Dimensions : 400*400*165mm<\/li>\n<\/ul>\n","protected":false},"excerpt":{"rendered":"<p>Un\u00a0 vasque\u00a0 \u00e0 poser de forme ronde, une option \u00e9l\u00e9gante et contemporaine pour une salle de bain. Le vasque\u00a0 est<\/p>\n","protected":false},"featured_media":17508,"comment_status":"open","ping_status":"closed","template":"","meta":{"_themeisle_gutenberg_block_has_review":false,"_joinchat":[]},"product_cat":[580],"product_tag":[],"_links":{"self":[{"href":"https:\/\/marouti.ma\/index.php\/wp-json\/wp\/v2\/product\/17507"}],"collection":[{"href":"https:\/\/marouti.ma\/index.php\/wp-json\/wp\/v2\/product"}],"about":[{"href":"https:\/\/marouti.ma\/index.php\/wp-json\/wp\/v2\/types\/product"}],"replies":[{"embeddable":true,"href":"https:\/\/marouti.ma\/index.php\/wp-json\/wp\/v2\/comments?post=17507"}],"version-history":[{"count":3,"href":"https:\/\/marouti.ma\/index.php\/wp-json\/wp\/v2\/product\/17507\/revisions"}],"predecessor-version":[{"id":17688,"href":"https:\/\/marouti.ma\/index.php\/wp-json\/wp\/v2\/product\/17507\/revisions\/17688"}],"wp:featuredmedia":[{"embeddable":true,"href":"https:\/\/marouti.ma\/index.php\/wp-json\/wp\/v2\/media\/17508"}],"wp:attachment":[{"href":"https:\/\/marouti.ma\/index.php\/wp-json\/wp\/v2\/media?parent=17507"}],"wp:term":[{"taxonomy":"product_cat","embeddable":true,"href":"https:\/\/marouti.ma\/index.php\/wp-json\/wp\/v2\/product_cat?post=17507"},{"taxonomy":"product_tag","embeddable":true,"href":"https:\/\/marouti.ma\/index.php\/wp-json\/wp\/v2\/product_tag?post=17507"}],"curies":[{"name":"wp","href":"https:\/\/api.w.org\/{rel}","templated":true}]}}