{"id":17502,"date":"2024-03-23T10:08:59","date_gmt":"2024-03-23T10:08:59","guid":{"rendered":"https:\/\/marouti.ma\/?post_type=product&#038;p=17502"},"modified":"2024-12-19T15:13:26","modified_gmt":"2024-12-19T15:13:26","slug":"vasque-a-poser-blanche-2","status":"publish","type":"product","link":"https:\/\/marouti.ma\/index.php\/product\/vasque-a-poser-blanche-2\/","title":{"rendered":"Vasque \u00e0 poser blanche"},"content":{"rendered":"<ul>\n<li>Un vasque est effectivement tr\u00e8s tendance et apporte une touche d&rsquo;\u00e9l\u00e9gance \u00e0 n&rsquo;importe quelle salle de bain<\/li>\n<li data-sourcepos=\"7:1-7:186\">La forme ronde et la couleur blanche sont des classiques du design contemporain. Ce vasque s&rsquo;int\u00e8gre facilement dans une salle de bain aux lignes \u00e9pur\u00e9es.<\/li>\n<li data-sourcepos=\"7:1-7:186\">\u00a0La c\u00e9ramique est un mat\u00e9riau non poreux, ce qui la rend tr\u00e8s facile \u00e0 nettoyer.<\/li>\n<li>Ce lavabo peut \u00eatre pos\u00e9 sur un meuble vasque, un plan de travail en bois, en pierre ou en c\u00e9ramique, offrant ainsi de nombreuses possibilit\u00e9s d&rsquo;am\u00e9nagement.<\/li>\n<li>\u00a0 Dimensions: 505*400*165<\/li>\n<\/ul>\n","protected":false},"excerpt":{"rendered":"<p>Un vasque est effectivement tr\u00e8s tendance et apporte une touche d&rsquo;\u00e9l\u00e9gance \u00e0 n&rsquo;importe quelle salle de bain La forme ronde<\/p>\n","protected":false},"featured_media":17506,"comment_status":"open","ping_status":"closed","template":"","meta":{"_themeisle_gutenberg_block_has_review":false,"_joinchat":[]},"product_cat":[580],"product_tag":[],"_links":{"self":[{"href":"https:\/\/marouti.ma\/index.php\/wp-json\/wp\/v2\/product\/17502"}],"collection":[{"href":"https:\/\/marouti.ma\/index.php\/wp-json\/wp\/v2\/product"}],"about":[{"href":"https:\/\/marouti.ma\/index.php\/wp-json\/wp\/v2\/types\/product"}],"replies":[{"embeddable":true,"href":"https:\/\/marouti.ma\/index.php\/wp-json\/wp\/v2\/comments?post=17502"}],"version-history":[{"count":3,"href":"https:\/\/marouti.ma\/index.php\/wp-json\/wp\/v2\/product\/17502\/revisions"}],"predecessor-version":[{"id":17690,"href":"https:\/\/marouti.ma\/index.php\/wp-json\/wp\/v2\/product\/17502\/revisions\/17690"}],"wp:featuredmedia":[{"embeddable":true,"href":"https:\/\/marouti.ma\/index.php\/wp-json\/wp\/v2\/media\/17506"}],"wp:attachment":[{"href":"https:\/\/marouti.ma\/index.php\/wp-json\/wp\/v2\/media?parent=17502"}],"wp:term":[{"taxonomy":"product_cat","embeddable":true,"href":"https:\/\/marouti.ma\/index.php\/wp-json\/wp\/v2\/product_cat?post=17502"},{"taxonomy":"product_tag","embeddable":true,"href":"https:\/\/marouti.ma\/index.php\/wp-json\/wp\/v2\/product_tag?post=17502"}],"curies":[{"name":"wp","href":"https:\/\/api.w.org\/{rel}","templated":true}]}}