{"id":17430,"date":"2024-03-21T12:38:10","date_gmt":"2024-03-21T12:38:10","guid":{"rendered":"https:\/\/marouti.ma\/?post_type=product&#038;p=17430"},"modified":"2024-12-18T16:21:30","modified_gmt":"2024-12-18T16:21:30","slug":"2-pieces-toilette-blanche","status":"publish","type":"product","link":"https:\/\/marouti.ma\/index.php\/product\/2-pieces-toilette-blanche\/","title":{"rendered":"Toilette Blanche"},"content":{"rendered":"<ul>\n<li>CUVETTE COMPLET Evoque<\/li>\n<li>Une cuvette de toilette en c\u00e9ramique blanche avec un design moderne et \u00e9pur\u00e9<\/li>\n<li>Cuvette pos\u00e9e directement au sol et dispose d&rsquo;un r\u00e9servoir rectangulaire avec des lignes nettes et minimalistes<\/li>\n<li>La finition blanche apporte une apparence clasique et propre , souvent recherch\u00e9e pour une salle de bain lumineuse et intemporelle<\/li>\n<li>Dimensions: 620*380*830mm<\/li>\n<\/ul>\n","protected":false},"excerpt":{"rendered":"<p>CUVETTE COMPLET Evoque Une cuvette de toilette en c\u00e9ramique blanche avec un design moderne et \u00e9pur\u00e9 Cuvette pos\u00e9e directement au<\/p>\n","protected":false},"featured_media":17582,"comment_status":"open","ping_status":"closed","template":"","meta":{"_themeisle_gutenberg_block_has_review":false,"_joinchat":[]},"product_cat":[561],"product_tag":[],"_links":{"self":[{"href":"https:\/\/marouti.ma\/index.php\/wp-json\/wp\/v2\/product\/17430"}],"collection":[{"href":"https:\/\/marouti.ma\/index.php\/wp-json\/wp\/v2\/product"}],"about":[{"href":"https:\/\/marouti.ma\/index.php\/wp-json\/wp\/v2\/types\/product"}],"replies":[{"embeddable":true,"href":"https:\/\/marouti.ma\/index.php\/wp-json\/wp\/v2\/comments?post=17430"}],"version-history":[{"count":4,"href":"https:\/\/marouti.ma\/index.php\/wp-json\/wp\/v2\/product\/17430\/revisions"}],"predecessor-version":[{"id":17655,"href":"https:\/\/marouti.ma\/index.php\/wp-json\/wp\/v2\/product\/17430\/revisions\/17655"}],"wp:featuredmedia":[{"embeddable":true,"href":"https:\/\/marouti.ma\/index.php\/wp-json\/wp\/v2\/media\/17582"}],"wp:attachment":[{"href":"https:\/\/marouti.ma\/index.php\/wp-json\/wp\/v2\/media?parent=17430"}],"wp:term":[{"taxonomy":"product_cat","embeddable":true,"href":"https:\/\/marouti.ma\/index.php\/wp-json\/wp\/v2\/product_cat?post=17430"},{"taxonomy":"product_tag","embeddable":true,"href":"https:\/\/marouti.ma\/index.php\/wp-json\/wp\/v2\/product_tag?post=17430"}],"curies":[{"name":"wp","href":"https:\/\/api.w.org\/{rel}","templated":true}]}}