{"id":17423,"date":"2024-03-21T11:45:16","date_gmt":"2024-03-21T11:45:16","guid":{"rendered":"https:\/\/marouti.ma\/?post_type=product&#038;p=17423"},"modified":"2024-12-30T08:51:49","modified_gmt":"2024-12-30T08:51:49","slug":"2-pieces-toilette-cuvette-complet","status":"publish","type":"product","link":"https:\/\/marouti.ma\/index.php\/product\/2-pieces-toilette-cuvette-complet\/","title":{"rendered":"toilette CUVETTE COMPLET"},"content":{"rendered":"<ul>\n<li>CUVETTE COMPLET Manhaten<\/li>\n<li>Une cuvette de toilette blanche \u00e0 deux pi\u00e8ces standard avec une cuvette ronde et un si\u00e8ge allong\u00e9<\/li>\n<li>La toilette est vue d&rsquo;un angle l\u00e9g\u00e8rement sur\u00e9lev\u00e9 avec l&rsquo;avant de la cuvette face au spectateur<\/li>\n<li>Dimensions: 610*355*845MM<\/li>\n<\/ul>\n","protected":false},"excerpt":{"rendered":"<p>CUVETTE COMPLET Manhaten Une cuvette de toilette blanche \u00e0 deux pi\u00e8ces standard avec une cuvette ronde et un si\u00e8ge allong\u00e9<\/p>\n","protected":false},"featured_media":17429,"comment_status":"open","ping_status":"closed","template":"","meta":{"_themeisle_gutenberg_block_has_review":false,"_joinchat":[]},"product_cat":[561],"product_tag":[],"_links":{"self":[{"href":"https:\/\/marouti.ma\/index.php\/wp-json\/wp\/v2\/product\/17423"}],"collection":[{"href":"https:\/\/marouti.ma\/index.php\/wp-json\/wp\/v2\/product"}],"about":[{"href":"https:\/\/marouti.ma\/index.php\/wp-json\/wp\/v2\/types\/product"}],"replies":[{"embeddable":true,"href":"https:\/\/marouti.ma\/index.php\/wp-json\/wp\/v2\/comments?post=17423"}],"version-history":[{"count":6,"href":"https:\/\/marouti.ma\/index.php\/wp-json\/wp\/v2\/product\/17423\/revisions"}],"predecessor-version":[{"id":17923,"href":"https:\/\/marouti.ma\/index.php\/wp-json\/wp\/v2\/product\/17423\/revisions\/17923"}],"wp:featuredmedia":[{"embeddable":true,"href":"https:\/\/marouti.ma\/index.php\/wp-json\/wp\/v2\/media\/17429"}],"wp:attachment":[{"href":"https:\/\/marouti.ma\/index.php\/wp-json\/wp\/v2\/media?parent=17423"}],"wp:term":[{"taxonomy":"product_cat","embeddable":true,"href":"https:\/\/marouti.ma\/index.php\/wp-json\/wp\/v2\/product_cat?post=17423"},{"taxonomy":"product_tag","embeddable":true,"href":"https:\/\/marouti.ma\/index.php\/wp-json\/wp\/v2\/product_tag?post=17423"}],"curies":[{"name":"wp","href":"https:\/\/api.w.org\/{rel}","templated":true}]}}