{"id":17410,"date":"2024-03-21T10:36:51","date_gmt":"2024-03-21T10:36:51","guid":{"rendered":"https:\/\/marouti.ma\/?post_type=product&#038;p=17410"},"modified":"2024-12-18T16:13:16","modified_gmt":"2024-12-18T16:13:16","slug":"2-pieces-cuvette-complet-noir-mat","status":"publish","type":"product","link":"https:\/\/marouti.ma\/index.php\/product\/2-pieces-cuvette-complet-noir-mat\/","title":{"rendered":"CUVETTE COMPLET NOIR MAT"},"content":{"rendered":"<ul>\n<li>Dimensions: 620*365*820mm<\/li>\n<li>Une cuvette de toilette moderne en c\u00e9ramique noire avec un design \u00e9pur\u00e9 et minimaliste<\/li>\n<li>La cuvette semble pr\u00e9senter des lignes droites et courb\u00e9es pour un style contemporain<\/li>\n<li>la finition noire apporte une touche d&rsquo;\u00e9l\u00e9gance et de sophistication , souvent utilis\u00e9e dans les salles de bains modernes ou de luxe<\/li>\n<\/ul>\n","protected":false},"excerpt":{"rendered":"<p>Dimensions: 620*365*820mm Une cuvette de toilette moderne en c\u00e9ramique noire avec un design \u00e9pur\u00e9 et minimaliste La cuvette semble pr\u00e9senter<\/p>\n","protected":false},"featured_media":17415,"comment_status":"open","ping_status":"closed","template":"","meta":{"_themeisle_gutenberg_block_has_review":false,"_joinchat":[]},"product_cat":[561],"product_tag":[],"_links":{"self":[{"href":"https:\/\/marouti.ma\/index.php\/wp-json\/wp\/v2\/product\/17410"}],"collection":[{"href":"https:\/\/marouti.ma\/index.php\/wp-json\/wp\/v2\/product"}],"about":[{"href":"https:\/\/marouti.ma\/index.php\/wp-json\/wp\/v2\/types\/product"}],"replies":[{"embeddable":true,"href":"https:\/\/marouti.ma\/index.php\/wp-json\/wp\/v2\/comments?post=17410"}],"version-history":[{"count":4,"href":"https:\/\/marouti.ma\/index.php\/wp-json\/wp\/v2\/product\/17410\/revisions"}],"predecessor-version":[{"id":17654,"href":"https:\/\/marouti.ma\/index.php\/wp-json\/wp\/v2\/product\/17410\/revisions\/17654"}],"wp:featuredmedia":[{"embeddable":true,"href":"https:\/\/marouti.ma\/index.php\/wp-json\/wp\/v2\/media\/17415"}],"wp:attachment":[{"href":"https:\/\/marouti.ma\/index.php\/wp-json\/wp\/v2\/media?parent=17410"}],"wp:term":[{"taxonomy":"product_cat","embeddable":true,"href":"https:\/\/marouti.ma\/index.php\/wp-json\/wp\/v2\/product_cat?post=17410"},{"taxonomy":"product_tag","embeddable":true,"href":"https:\/\/marouti.ma\/index.php\/wp-json\/wp\/v2\/product_tag?post=17410"}],"curies":[{"name":"wp","href":"https:\/\/api.w.org\/{rel}","templated":true}]}}