{"id":17292,"date":"2024-03-15T16:10:52","date_gmt":"2024-03-15T16:10:52","guid":{"rendered":"https:\/\/marouti.ma\/?post_type=product&#038;p=17292"},"modified":"2024-12-20T08:56:04","modified_gmt":"2024-12-20T08:56:04","slug":"vasque-ronde-a-poser-gris-fonce","status":"publish","type":"product","link":"https:\/\/marouti.ma\/index.php\/product\/vasque-ronde-a-poser-gris-fonce\/","title":{"rendered":"Vasque Ronde \u00e0 poser gris fonc\u00e9"},"content":{"rendered":"<ul>\n<li>Le lavabo est de forme ronde, avec des lignes douces et arrondies. Son profil est l\u00e9g\u00e8rement creux, ce qui lui donne un aspect organique et naturel.<\/li>\n<li>Le lavabo est de couleur gris fonc\u00e9 , une teinte tr\u00e8s tendance dans les salles de bain modernes. Cette couleur conf\u00e8re au lavabo un aspect sophistiqu\u00e9 et intemporel.<\/li>\n<li>le lavabo est en c\u00e9ramique, un mat\u00e9riau tr\u00e8s utilis\u00e9 pour la fabrication de lavabos en raison de sa durabilit\u00e9, de son hygi\u00e8ne et de sa facilit\u00e9 d&rsquo;entretien.<\/li>\n<li>Le lavabo semble \u00eatre con\u00e7u pour une pose pos\u00e9e sur un plan de travail, ce qui en fait un choix polyvalent qui peut s&rsquo;adapter \u00e0 diff\u00e9rents types d&rsquo;am\u00e9nagement de salle de bain.<\/li>\n<li>Dimensions: 445*445*135mm<\/li>\n<\/ul>\n","protected":false},"excerpt":{"rendered":"<p>Le lavabo est de forme ronde, avec des lignes douces et arrondies. Son profil est l\u00e9g\u00e8rement creux, ce qui lui<\/p>\n","protected":false},"featured_media":17368,"comment_status":"open","ping_status":"closed","template":"","meta":{"_themeisle_gutenberg_block_has_review":false,"_joinchat":[]},"product_cat":[584],"product_tag":[],"_links":{"self":[{"href":"https:\/\/marouti.ma\/index.php\/wp-json\/wp\/v2\/product\/17292"}],"collection":[{"href":"https:\/\/marouti.ma\/index.php\/wp-json\/wp\/v2\/product"}],"about":[{"href":"https:\/\/marouti.ma\/index.php\/wp-json\/wp\/v2\/types\/product"}],"replies":[{"embeddable":true,"href":"https:\/\/marouti.ma\/index.php\/wp-json\/wp\/v2\/comments?post=17292"}],"version-history":[{"count":4,"href":"https:\/\/marouti.ma\/index.php\/wp-json\/wp\/v2\/product\/17292\/revisions"}],"predecessor-version":[{"id":17700,"href":"https:\/\/marouti.ma\/index.php\/wp-json\/wp\/v2\/product\/17292\/revisions\/17700"}],"wp:featuredmedia":[{"embeddable":true,"href":"https:\/\/marouti.ma\/index.php\/wp-json\/wp\/v2\/media\/17368"}],"wp:attachment":[{"href":"https:\/\/marouti.ma\/index.php\/wp-json\/wp\/v2\/media?parent=17292"}],"wp:term":[{"taxonomy":"product_cat","embeddable":true,"href":"https:\/\/marouti.ma\/index.php\/wp-json\/wp\/v2\/product_cat?post=17292"},{"taxonomy":"product_tag","embeddable":true,"href":"https:\/\/marouti.ma\/index.php\/wp-json\/wp\/v2\/product_tag?post=17292"}],"curies":[{"name":"wp","href":"https:\/\/api.w.org\/{rel}","templated":true}]}}