{"id":17278,"date":"2024-03-15T14:56:03","date_gmt":"2024-03-15T14:56:03","guid":{"rendered":"https:\/\/marouti.ma\/?post_type=product&#038;p=17278"},"modified":"2024-12-20T08:41:13","modified_gmt":"2024-12-20T08:41:13","slug":"vasque-encastree-gris-fonce","status":"publish","type":"product","link":"https:\/\/marouti.ma\/index.php\/product\/vasque-encastree-gris-fonce\/","title":{"rendered":"Vasque Encastr\u00e9e Gris Fonc\u00e9"},"content":{"rendered":"<ul>\n<li>Le lavabo est de forme rectangulaire, avec des lignes \u00e9pur\u00e9es et modernes. Il pr\u00e9sente une couleur gris fonc\u00e9<\/li>\n<li>Le lavabo semble \u00eatre con\u00e7u pour une installation sous le comptoir, c&rsquo;est-\u00e0-dire qu&rsquo;il est pos\u00e9 sur un meuble et fix\u00e9 en dessous.<\/li>\n<li>Le lavabo s&rsquo;agit\u00a0 d&rsquo;une c\u00e9ramique ou d&rsquo;un mat\u00e9riau composite, couramment utilis\u00e9s pour les lavabos de salle de bain en raison de leur durabilit\u00e9 et de leur facilit\u00e9 d&rsquo;entretien.<\/li>\n<li>Dimensions: 530*370*200<\/li>\n<\/ul>\n","protected":false},"excerpt":{"rendered":"<p>Le lavabo est de forme rectangulaire, avec des lignes \u00e9pur\u00e9es et modernes. Il pr\u00e9sente une couleur gris fonc\u00e9 Le lavabo<\/p>\n","protected":false},"featured_media":17282,"comment_status":"open","ping_status":"closed","template":"","meta":{"_themeisle_gutenberg_block_has_review":false,"_joinchat":[]},"product_cat":[591],"product_tag":[],"_links":{"self":[{"href":"https:\/\/marouti.ma\/index.php\/wp-json\/wp\/v2\/product\/17278"}],"collection":[{"href":"https:\/\/marouti.ma\/index.php\/wp-json\/wp\/v2\/product"}],"about":[{"href":"https:\/\/marouti.ma\/index.php\/wp-json\/wp\/v2\/types\/product"}],"replies":[{"embeddable":true,"href":"https:\/\/marouti.ma\/index.php\/wp-json\/wp\/v2\/comments?post=17278"}],"version-history":[{"count":3,"href":"https:\/\/marouti.ma\/index.php\/wp-json\/wp\/v2\/product\/17278\/revisions"}],"predecessor-version":[{"id":17698,"href":"https:\/\/marouti.ma\/index.php\/wp-json\/wp\/v2\/product\/17278\/revisions\/17698"}],"wp:featuredmedia":[{"embeddable":true,"href":"https:\/\/marouti.ma\/index.php\/wp-json\/wp\/v2\/media\/17282"}],"wp:attachment":[{"href":"https:\/\/marouti.ma\/index.php\/wp-json\/wp\/v2\/media?parent=17278"}],"wp:term":[{"taxonomy":"product_cat","embeddable":true,"href":"https:\/\/marouti.ma\/index.php\/wp-json\/wp\/v2\/product_cat?post=17278"},{"taxonomy":"product_tag","embeddable":true,"href":"https:\/\/marouti.ma\/index.php\/wp-json\/wp\/v2\/product_tag?post=17278"}],"curies":[{"name":"wp","href":"https:\/\/api.w.org\/{rel}","templated":true}]}}