{"id":17271,"date":"2024-03-15T14:49:47","date_gmt":"2024-03-15T14:49:47","guid":{"rendered":"https:\/\/marouti.ma\/?post_type=product&#038;p=17271"},"modified":"2024-12-20T09:18:55","modified_gmt":"2024-12-20T09:18:55","slug":"17271","status":"publish","type":"product","link":"https:\/\/marouti.ma\/index.php\/product\/17271\/","title":{"rendered":"Vasque Encastr\u00e9e Gris Clair"},"content":{"rendered":"<ul>\n<li>un lavabo de salle de bain au design contemporain et \u00e9pur\u00e9.<\/li>\n<li>Le lavabo est de forme rectangulaire, avec des lignes droites et angulaires. Son profil est l\u00e9g\u00e8rement creus\u00e9, cr\u00e9ant un effet de profondeur.<\/li>\n<li>Le lavabo pr\u00e9sente un contraste int\u00e9ressant avec une partie ext\u00e9rieure de couleur claire (blanc cass\u00e9 ou beige) et une partie int\u00e9rieure du bassin de couleur plus sombre (gris).<\/li>\n<li>le lavabo est en c\u00e9ramique, un mat\u00e9riau tr\u00e8s utilis\u00e9 pour la fabrication de lavabos en raison de sa durabilit\u00e9, de son hygi\u00e8ne et de sa facilit\u00e9 d&rsquo;entretien.<\/li>\n<li>Le lavabo semble \u00eatre con\u00e7u pour une pose pos\u00e9e, c&rsquo;est-\u00e0-dire qu&rsquo;il repose directement sur le plan de travail sans \u00eatre encastr\u00e9.<\/li>\n<li>Dimensions: 530*370*200<\/li>\n<\/ul>\n","protected":false},"excerpt":{"rendered":"<p>un lavabo de salle de bain au design contemporain et \u00e9pur\u00e9. Le lavabo est de forme rectangulaire, avec des lignes<\/p>\n","protected":false},"featured_media":17285,"comment_status":"open","ping_status":"closed","template":"","meta":{"_themeisle_gutenberg_block_has_review":false,"_joinchat":[]},"product_cat":[591],"product_tag":[],"_links":{"self":[{"href":"https:\/\/marouti.ma\/index.php\/wp-json\/wp\/v2\/product\/17271"}],"collection":[{"href":"https:\/\/marouti.ma\/index.php\/wp-json\/wp\/v2\/product"}],"about":[{"href":"https:\/\/marouti.ma\/index.php\/wp-json\/wp\/v2\/types\/product"}],"replies":[{"embeddable":true,"href":"https:\/\/marouti.ma\/index.php\/wp-json\/wp\/v2\/comments?post=17271"}],"version-history":[{"count":4,"href":"https:\/\/marouti.ma\/index.php\/wp-json\/wp\/v2\/product\/17271\/revisions"}],"predecessor-version":[{"id":17702,"href":"https:\/\/marouti.ma\/index.php\/wp-json\/wp\/v2\/product\/17271\/revisions\/17702"}],"wp:featuredmedia":[{"embeddable":true,"href":"https:\/\/marouti.ma\/index.php\/wp-json\/wp\/v2\/media\/17285"}],"wp:attachment":[{"href":"https:\/\/marouti.ma\/index.php\/wp-json\/wp\/v2\/media?parent=17271"}],"wp:term":[{"taxonomy":"product_cat","embeddable":true,"href":"https:\/\/marouti.ma\/index.php\/wp-json\/wp\/v2\/product_cat?post=17271"},{"taxonomy":"product_tag","embeddable":true,"href":"https:\/\/marouti.ma\/index.php\/wp-json\/wp\/v2\/product_tag?post=17271"}],"curies":[{"name":"wp","href":"https:\/\/api.w.org\/{rel}","templated":true}]}}