{"id":17265,"date":"2024-03-15T14:10:37","date_gmt":"2024-03-15T14:10:37","guid":{"rendered":"https:\/\/marouti.ma\/?post_type=product&#038;p=17265"},"modified":"2024-12-20T09:25:31","modified_gmt":"2024-12-20T09:25:31","slug":"vasque-encastree-beige","status":"publish","type":"product","link":"https:\/\/marouti.ma\/index.php\/product\/vasque-encastree-beige\/","title":{"rendered":"Vasque Encastr\u00e9e Beige"},"content":{"rendered":"<ul>\n<li>Le lavabo est de forme rectangulaire, avec des lignes douces et arrondies. Son profil est l\u00e9g\u00e8rement creus\u00e9, cr\u00e9ant un effet de profondeur.<\/li>\n<li>Le lavabo est de couleur beige, ce qui lui conf\u00e8re un aspect classique et intemporel. Cette couleur s&rsquo;accorde avec la plupart des styles de d\u00e9coration.<\/li>\n<li>le lavabo est en c\u00e9ramique, un mat\u00e9riau tr\u00e8s utilis\u00e9 pour la fabrication de lavabos en raison de sa durabilit\u00e9, de son hygi\u00e8ne et de sa facilit\u00e9 d&rsquo;entretien.<\/li>\n<li>Le lavabo est encastr\u00e9 dans un plan de travail en granit, ce qui donne un aspect \u00e9l\u00e9gant et soign\u00e9 \u00e0 l&rsquo;ensemble.<\/li>\n<li>Dimensions: 530*370*200mm<\/li>\n<\/ul>\n","protected":false},"excerpt":{"rendered":"<p>Le lavabo est de forme rectangulaire, avec des lignes douces et arrondies. Son profil est l\u00e9g\u00e8rement creus\u00e9, cr\u00e9ant un effet<\/p>\n","protected":false},"featured_media":17270,"comment_status":"open","ping_status":"closed","template":"","meta":{"_themeisle_gutenberg_block_has_review":false,"_joinchat":[]},"product_cat":[591],"product_tag":[],"_links":{"self":[{"href":"https:\/\/marouti.ma\/index.php\/wp-json\/wp\/v2\/product\/17265"}],"collection":[{"href":"https:\/\/marouti.ma\/index.php\/wp-json\/wp\/v2\/product"}],"about":[{"href":"https:\/\/marouti.ma\/index.php\/wp-json\/wp\/v2\/types\/product"}],"replies":[{"embeddable":true,"href":"https:\/\/marouti.ma\/index.php\/wp-json\/wp\/v2\/comments?post=17265"}],"version-history":[{"count":3,"href":"https:\/\/marouti.ma\/index.php\/wp-json\/wp\/v2\/product\/17265\/revisions"}],"predecessor-version":[{"id":17704,"href":"https:\/\/marouti.ma\/index.php\/wp-json\/wp\/v2\/product\/17265\/revisions\/17704"}],"wp:featuredmedia":[{"embeddable":true,"href":"https:\/\/marouti.ma\/index.php\/wp-json\/wp\/v2\/media\/17270"}],"wp:attachment":[{"href":"https:\/\/marouti.ma\/index.php\/wp-json\/wp\/v2\/media?parent=17265"}],"wp:term":[{"taxonomy":"product_cat","embeddable":true,"href":"https:\/\/marouti.ma\/index.php\/wp-json\/wp\/v2\/product_cat?post=17265"},{"taxonomy":"product_tag","embeddable":true,"href":"https:\/\/marouti.ma\/index.php\/wp-json\/wp\/v2\/product_tag?post=17265"}],"curies":[{"name":"wp","href":"https:\/\/api.w.org\/{rel}","templated":true}]}}